{"id":947,"date":"2021-01-17T07:18:00","date_gmt":"2021-01-17T06:18:00","guid":{"rendered":"https:\/\/songbook.qodeinteractive.com\/?page_id=947"},"modified":"2024-02-26T09:00:08","modified_gmt":"2024-02-26T08:00:08","slug":"pongase-en-contacto-con","status":"publish","type":"page","link":"https:\/\/www.mercedesguerrero.de\/es\/kontakt\/","title":{"rendered":"Contacto"},"content":{"rendered":"\t\t<div data-elementor-type=\"wp-page\" data-elementor-id=\"947\" class=\"elementor elementor-947\" data-elementor-post-type=\"page\">\n\t\t\t\t\t\t<section class=\"elementor-section elementor-top-section elementor-element elementor-element-2560e43 qodef-elementor-content-grid elementor-section-boxed elementor-section-height-default elementor-section-height-default\" data-id=\"2560e43\" data-element_type=\"section\" data-e-type=\"section\" data-settings=\"{&quot;background_background&quot;:&quot;classic&quot;}\">\n\t\t\t\t\t\t<div class=\"elementor-container elementor-column-gap-default\">\n\t\t\t\t\t<div class=\"elementor-column elementor-col-100 elementor-top-column elementor-element elementor-element-3587250\" data-id=\"3587250\" data-element_type=\"column\" data-e-type=\"column\" data-settings=\"{&quot;background_background&quot;:&quot;classic&quot;}\">\n\t\t\t<div class=\"elementor-widget-wrap elementor-element-populated\">\n\t\t\t\t\t\t<div class=\"elementor-element elementor-element-8676a5f elementor-widget elementor-widget-songbook_core_section_title\" data-id=\"8676a5f\" data-element_type=\"widget\" data-e-type=\"widget\" data-widget_type=\"songbook_core_section_title.default\">\n\t\t\t\t<div class=\"elementor-widget-container\">\n\t\t\t\t\t<div class=\"qodef-shortcode qodef-m  qodef-section-title qodef-alignment--left \">\n\t\t\t<h1 class=\"qodef-m-title\" style=\"margin-top: 11px\">\n\t\t\t\t\tKontakt aufnehmen\t\t\t<\/h1>\n\t\t\t<p class=\"qodef-m-text\" style=\"margin-top: -9px\">Freue mich \u00fcber Ihre Anfragen. \nGerne k\u00f6nnen Sie mich telefonisch oder per E-Mail erreichen oder f\u00fcllen Sie das Kontaktformular aus. Ich werde mich schnellstm\u00f6glich mit Ihnen in Verbindung setzen.<\/p>\n<\/div>\t\t\t\t<\/div>\n\t\t\t\t<\/div>\n\t\t\t\t<div class=\"elementor-element elementor-element-c4beb4e elementor-widget elementor-widget-songbook_core_icon_list_item\" data-id=\"c4beb4e\" data-element_type=\"widget\" data-e-type=\"widget\" data-widget_type=\"songbook_core_icon_list_item.default\">\n\t\t\t\t<div class=\"elementor-widget-container\">\n\t\t\t\t\t<div class=\"qodef-icon-list-item qodef-icon--icon-pack\" >\n\t<p class=\"qodef-e-title\" style=\"color: #7E7E7E\">\n\t\t\t\t\t<a itemprop=\"url\" href=\"mailto:%20info@mercedesguerrero.de\" target=\"_self\">\n\t\t\t\t\t<span class=\"qodef-e-title-inner\">\n\t\t\t\t<span class=\"qodef-shortcode qodef-m  qodef-icon-holder qodef-size--default qodef-layout--normal\"  >\t        <span class=\"qodef-icon-font-awesome fa fa-envelope qodef-icon qodef-e\" style=\"color: #D59578;font-size: 13px\" ><\/span>    <\/span>\t\t\t\t<span class=\"qodef-e-title-text\">info@mercedesguerrero.de<\/span>\n\t\t\t<\/span>\n\t\t\t\t\t<\/a>\n\t\t\t<\/p>\n<\/div>\t\t\t\t<\/div>\n\t\t\t\t<\/div>\n\t\t\t\t<div class=\"elementor-element elementor-element-d8cedba elementor-widget elementor-widget-songbook_core_icon_list_item\" data-id=\"d8cedba\" data-element_type=\"widget\" data-e-type=\"widget\" data-widget_type=\"songbook_core_icon_list_item.default\">\n\t\t\t\t<div class=\"elementor-widget-container\">\n\t\t\t\t\t<div class=\"qodef-icon-list-item qodef-icon--icon-pack\" >\n\t<p class=\"qodef-e-title\" style=\"color: #7E7E7E\">\n\t\t\t\t\t<a itemprop=\"url\" href=\"tel:+49.7243-3587745\" target=\"_self\">\n\t\t\t\t\t<span class=\"qodef-e-title-inner\">\n\t\t\t\t<span class=\"qodef-shortcode qodef-m  qodef-icon-holder qodef-size--default qodef-layout--normal\"  >\t        <span class=\"qodef-icon-font-awesome fa fa-phone-alt qodef-icon qodef-e\" style=\"color: #D59578;font-size: 13px\" ><\/span>    <\/span>\t\t\t\t<span class=\"qodef-e-title-text\">+49.7243-358 77 45<\/span>\n\t\t\t<\/span>\n\t\t\t\t\t<\/a>\n\t\t\t<\/p>\n<\/div>\t\t\t\t<\/div>\n\t\t\t\t<\/div>\n\t\t\t\t<div class=\"elementor-element elementor-element-5b8ae57 elementor-widget elementor-widget-heading\" data-id=\"5b8ae57\" data-element_type=\"widget\" data-e-type=\"widget\" data-widget_type=\"heading.default\">\n\t\t\t\t<div class=\"elementor-widget-container\">\n\t\t\t\t\t<h2 class=\"elementor-heading-title elementor-size-default\">Kontaktformular<\/h2>\t\t\t\t<\/div>\n\t\t\t\t<\/div>\n\t\t\t\t<div class=\"elementor-element elementor-element-bcfc355 elementor-button-align-stretch elementor-widget elementor-widget-form\" data-id=\"bcfc355\" data-element_type=\"widget\" data-e-type=\"widget\" data-settings=\"{&quot;step_next_label&quot;:&quot;N\\u00e4chster&quot;,&quot;step_previous_label&quot;:&quot;Voriger&quot;,&quot;button_width&quot;:&quot;100&quot;,&quot;step_type&quot;:&quot;number_text&quot;,&quot;step_icon_shape&quot;:&quot;circle&quot;}\" data-widget_type=\"form.default\">\n\t\t\t\t<div class=\"elementor-widget-container\">\n\t\t\t\t\t\t\t<form class=\"elementor-form\" method=\"post\" name=\"Kontaktformular\" aria-label=\"Kontaktformular\">\n\t\t\t<input type=\"hidden\" name=\"post_id\" value=\"947\"\/>\n\t\t\t<input type=\"hidden\" name=\"form_id\" value=\"bcfc355\"\/>\n\t\t\t<input type=\"hidden\" name=\"referer_title\" value=\"Kontakt - Mercedes Guerrero\" \/>\n\n\t\t\t\t\t\t\t<input type=\"hidden\" name=\"queried_id\" value=\"947\"\/>\n\t\t\t\n\t\t\t<div class=\"elementor-form-fields-wrapper elementor-labels-above\">\n\t\t\t\t\t\t\t\t<div class=\"elementor-field-type-text elementor-field-group elementor-column elementor-field-group-name elementor-col-100 elementor-field-required\">\n\t\t\t\t\t\t\t\t\t\t\t\t<label for=\"form-field-name\" class=\"elementor-field-label\">\n\t\t\t\t\t\t\t\tVor- und Nachname (Pflichtfeld)\t\t\t\t\t\t\t<\/label>\n\t\t\t\t\t\t\t\t\t\t\t\t\t\t<input size=\"1\" type=\"text\" name=\"form_fields[name]\" id=\"form-field-name\" class=\"elementor-field elementor-size-sm  elementor-field-textual\" placeholder=\"Vor- und Nachname\" required=\"required\">\n\t\t\t\t\t\t\t\t\t\t\t<\/div>\n\t\t\t\t\t\t\t\t<div class=\"elementor-field-type-email elementor-field-group elementor-column elementor-field-group-email elementor-col-100 elementor-field-required\">\n\t\t\t\t\t\t\t\t\t\t\t\t<label for=\"form-field-email\" class=\"elementor-field-label\">\n\t\t\t\t\t\t\t\tE-Mail (Pflichtfeld)\t\t\t\t\t\t\t<\/label>\n\t\t\t\t\t\t\t\t\t\t\t\t\t\t<input size=\"1\" type=\"email\" name=\"form_fields[email]\" id=\"form-field-email\" class=\"elementor-field elementor-size-sm  elementor-field-textual\" placeholder=\"Ihre E-Mail\" required=\"required\">\n\t\t\t\t\t\t\t\t\t\t\t<\/div>\n\t\t\t\t\t\t\t\t<div class=\"elementor-field-type-tel elementor-field-group elementor-column elementor-field-group-field_ef5b2e3 elementor-col-100 elementor-field-required\">\n\t\t\t\t\t\t\t\t\t\t\t\t<label for=\"form-field-field_ef5b2e3\" class=\"elementor-field-label\">\n\t\t\t\t\t\t\t\tTelefonnummer (Pflichtfeld)\t\t\t\t\t\t\t<\/label>\n\t\t\t\t\t\t\t\t<input size=\"1\" type=\"tel\" name=\"form_fields[field_ef5b2e3]\" id=\"form-field-field_ef5b2e3\" class=\"elementor-field elementor-size-sm  elementor-field-textual\" placeholder=\"Ihre Telefonnummer\" required=\"required\" pattern=\"[0-9()#&amp;+*-=.]+\" title=\"Es werden nur Zahlen und Telefonzeichen (#, -, *, usw.) akzeptiert.\">\n\n\t\t\t\t\t\t<\/div>\n\t\t\t\t\t\t\t\t<div class=\"elementor-field-type-textarea elementor-field-group elementor-column elementor-field-group-message elementor-col-100\">\n\t\t\t\t\t\t\t\t\t\t\t\t<label for=\"form-field-message\" class=\"elementor-field-label\">\n\t\t\t\t\t\t\t\tNachricht\t\t\t\t\t\t\t<\/label>\n\t\t\t\t\t\t<textarea class=\"elementor-field-textual elementor-field  elementor-size-sm\" name=\"form_fields[message]\" id=\"form-field-message\" rows=\"4\" placeholder=\"Nachricht\"><\/textarea>\t\t\t\t<\/div>\n\t\t\t\t\t\t\t\t<div class=\"elementor-field-type-acceptance elementor-field-group elementor-column elementor-field-group-field_5e62a47 elementor-col-100 elementor-field-required\">\n\t\t\t\t\t\t\t\t\t\t\t\t<label for=\"form-field-field_5e62a47\" class=\"elementor-field-label\">\n\t\t\t\t\t\t\t\tDatenschutz (Pflichtfeld)\t\t\t\t\t\t\t<\/label>\n\t\t\t\t\t\t\t\t<div class=\"elementor-field-subgroup\">\n\t\t\t<span class=\"elementor-field-option\">\n\t\t\t\t<input type=\"checkbox\" name=\"form_fields[field_5e62a47]\" id=\"form-field-field_5e62a47\" class=\"elementor-field elementor-size-sm  elementor-acceptance-field\" required=\"required\">\n\t\t\t\t<label for=\"form-field-field_5e62a47\">Detaillierte Informationen zum Umgang mit Nutzerdaten finden Sie in unserer Datenschutzerkl\u00e4rung. Ich best\u00e4tige hiermit, dass ich die <a href=\"https:\/\/www.mercedesguerrero.de\/datenschutzerklaerung\/\">Datenschutzerkl\u00e4rung<\/a> zur Kenntnis genommen habe.<\/label>\t\t\t<\/span>\n\t\t<\/div>\n\t\t\t\t\t\t<\/div>\n\t\t\t\t\t\t\t\t<div class=\"elementor-field-type-recaptcha_v3 elementor-field-group elementor-column elementor-field-group-field_49681c3 elementor-col-100 recaptcha_v3-bottomright\">\n\t\t\t\t\t<div class=\"elementor-field\" id=\"form-field-field_49681c3\"><div class=\"elementor-g-recaptcha\" data-sitekey=\"6Lfn5GkkAAAAADwKE50n6h8KJOoFvYDMov8-GuR5\" data-type=\"v3\" data-action=\"Form\" data-badge=\"bottomright\" data-size=\"invisible\"><\/div><\/div>\t\t\t\t<\/div>\n\t\t\t\t\t\t\t\t<div class=\"elementor-field-type-text\">\n\t\t\t\t\t<input size=\"1\" type=\"text\" name=\"form_fields[field_4ca7eaa]\" id=\"form-field-field_4ca7eaa\" class=\"elementor-field elementor-size-sm \" style=\"display:none !important;\">\t\t\t\t<\/div>\n\t\t\t\t\t\t\t\t<div class=\"elementor-field-group elementor-column elementor-field-type-submit elementor-col-100 e-form__buttons\">\n\t\t\t\t\t<button class=\"elementor-button elementor-size-sm\" type=\"submit\">\n\t\t\t\t\t\t<span class=\"elementor-button-content-wrapper\">\n\t\t\t\t\t\t\t\t\t\t\t\t\t\t\t\t\t\t\t\t\t\t<span class=\"elementor-button-text\">Senden<\/span>\n\t\t\t\t\t\t\t\t\t\t\t\t\t<\/span>\n\t\t\t\t\t<\/button>\n\t\t\t\t<\/div>\n\t\t\t<\/div>\n\t\t<\/form>\n\t\t\t\t\t\t<\/div>\n\t\t\t\t<\/div>\n\t\t\t\t<div class=\"elementor-element elementor-element-2906617 elementor-widget elementor-widget-image\" data-id=\"2906617\" data-element_type=\"widget\" data-e-type=\"widget\" data-widget_type=\"image.default\">\n\t\t\t\t<div class=\"elementor-widget-container\">\n\t\t\t\t\t\t\t\t\t\t\t\t\t\t\t<img fetchpriority=\"high\" decoding=\"async\" width=\"361\" height=\"224\" src=\"https:\/\/www.mercedesguerrero.de\/wp-content\/uploads\/2022\/01\/kontakt_mercedes_sw.jpg\" class=\"attachment-medium_large size-medium_large wp-image-6390\" alt=\"kontakt_mercedes_sw\" srcset=\"https:\/\/www.mercedesguerrero.de\/wp-content\/uploads\/2022\/01\/kontakt_mercedes_sw.jpg 361w, https:\/\/www.mercedesguerrero.de\/wp-content\/uploads\/2022\/01\/kontakt_mercedes_sw-300x186.jpg 300w, https:\/\/www.mercedesguerrero.de\/wp-content\/uploads\/2022\/01\/kontakt_mercedes_sw-18x12.jpg 18w\" sizes=\"(max-width: 361px) 100vw, 361px\" \/>\t\t\t\t\t\t\t\t\t\t\t\t\t\t\t<\/div>\n\t\t\t\t<\/div>\n\t\t\t\t\t<\/div>\n\t\t<\/div>\n\t\t\t\t\t<\/div>\n\t\t<\/section>\n\t\t\t\t<\/div>\n\t\t","protected":false},"excerpt":{"rendered":"<p>Kontakt aufnehmen Freue mich \u00fcber Ihre Anfragen. Gerne k\u00f6nnen Sie mich telefonisch oder per E-Mail erreichen oder f\u00fcllen Sie das Kontaktformular aus. Ich werde mich schnellstm\u00f6glich mit Ihnen in Verbindung setzen. info@mercedesguerrero.de +49.7243-358 77 45 Kontaktformular<\/p>","protected":false},"author":1,"featured_media":0,"parent":0,"menu_order":0,"comment_status":"closed","ping_status":"closed","template":"page-full-width.php","meta":{"footnotes":""},"class_list":["post-947","page","type-page","status-publish","hentry"],"yoast_head":"<!-- This site is optimized with the Yoast SEO plugin v27.0 - https:\/\/yoast.com\/product\/yoast-seo-wordpress\/ -->\n<title>Kontakt - Mercedes Guerrero<\/title>\n<meta name=\"robots\" content=\"index, follow, max-snippet:-1, max-image-preview:large, max-video-preview:-1\" \/>\n<link rel=\"canonical\" href=\"https:\/\/www.mercedesguerrero.de\/es\/pongase-en-contacto-con\/\" \/>\n<meta property=\"og:locale\" content=\"es_ES\" \/>\n<meta property=\"og:type\" content=\"article\" \/>\n<meta property=\"og:title\" content=\"Kontakt - Mercedes Guerrero\" \/>\n<meta property=\"og:description\" content=\"Kontakt aufnehmen Freue mich \u00fcber Ihre Anfragen. Gerne k\u00f6nnen Sie mich telefonisch oder per E-Mail erreichen oder f\u00fcllen Sie das Kontaktformular aus. Ich werde mich schnellstm\u00f6glich mit Ihnen in Verbindung setzen. info@mercedesguerrero.de +49.7243-358 77 45 Kontaktformular\" \/>\n<meta property=\"og:url\" content=\"https:\/\/www.mercedesguerrero.de\/es\/pongase-en-contacto-con\/\" \/>\n<meta property=\"og:site_name\" content=\"Mercedes Guerrero\" \/>\n<meta property=\"article:modified_time\" content=\"2024-02-26T08:00:08+00:00\" \/>\n<meta property=\"og:image\" content=\"https:\/\/www.mercedesguerrero.de\/wp-content\/uploads\/2022\/01\/kontakt_mercedes_sw.jpg\" \/>\n<meta name=\"twitter:card\" content=\"summary_large_image\" \/>\n<meta name=\"twitter:label1\" content=\"Tiempo de lectura\" \/>\n\t<meta name=\"twitter:data1\" content=\"1 minuto\" \/>\n<script type=\"application\/ld+json\" class=\"yoast-schema-graph\">{\"@context\":\"https:\/\/schema.org\",\"@graph\":[{\"@type\":\"WebPage\",\"@id\":\"https:\/\/www.mercedesguerrero.de\/kontakt\/\",\"url\":\"https:\/\/www.mercedesguerrero.de\/kontakt\/\",\"name\":\"Kontakt - Mercedes Guerrero\",\"isPartOf\":{\"@id\":\"https:\/\/www.mercedesguerrero.de\/#website\"},\"primaryImageOfPage\":{\"@id\":\"https:\/\/www.mercedesguerrero.de\/kontakt\/#primaryimage\"},\"image\":{\"@id\":\"https:\/\/www.mercedesguerrero.de\/kontakt\/#primaryimage\"},\"thumbnailUrl\":\"https:\/\/www.mercedesguerrero.de\/wp-content\/uploads\/2022\/01\/kontakt_mercedes_sw.jpg\",\"datePublished\":\"2021-01-17T06:18:00+00:00\",\"dateModified\":\"2024-02-26T08:00:08+00:00\",\"breadcrumb\":{\"@id\":\"https:\/\/www.mercedesguerrero.de\/kontakt\/#breadcrumb\"},\"inLanguage\":\"es\",\"potentialAction\":[{\"@type\":\"ReadAction\",\"target\":[\"https:\/\/www.mercedesguerrero.de\/kontakt\/\"]}]},{\"@type\":\"ImageObject\",\"inLanguage\":\"es\",\"@id\":\"https:\/\/www.mercedesguerrero.de\/kontakt\/#primaryimage\",\"url\":\"https:\/\/www.mercedesguerrero.de\/wp-content\/uploads\/2022\/01\/kontakt_mercedes_sw.jpg\",\"contentUrl\":\"https:\/\/www.mercedesguerrero.de\/wp-content\/uploads\/2022\/01\/kontakt_mercedes_sw.jpg\"},{\"@type\":\"BreadcrumbList\",\"@id\":\"https:\/\/www.mercedesguerrero.de\/kontakt\/#breadcrumb\",\"itemListElement\":[{\"@type\":\"ListItem\",\"position\":1,\"name\":\"Startseite\",\"item\":\"https:\/\/www.mercedesguerrero.de\/\"},{\"@type\":\"ListItem\",\"position\":2,\"name\":\"Kontakt\"}]},{\"@type\":\"WebSite\",\"@id\":\"https:\/\/www.mercedesguerrero.de\/#website\",\"url\":\"https:\/\/www.mercedesguerrero.de\/\",\"name\":\"Mercedes Guerrero\",\"description\":\"Mercedes Guerrero - Gesang, Stimmbildung, Chorleitung und musikalische Fr\u00fcherziehung.\",\"publisher\":{\"@id\":\"https:\/\/www.mercedesguerrero.de\/#organization\"},\"potentialAction\":[{\"@type\":\"SearchAction\",\"target\":{\"@type\":\"EntryPoint\",\"urlTemplate\":\"https:\/\/www.mercedesguerrero.de\/?s={search_term_string}\"},\"query-input\":{\"@type\":\"PropertyValueSpecification\",\"valueRequired\":true,\"valueName\":\"search_term_string\"}}],\"inLanguage\":\"es\"},{\"@type\":\"Organization\",\"@id\":\"https:\/\/www.mercedesguerrero.de\/#organization\",\"name\":\"Mercedes Guerrero\",\"url\":\"https:\/\/www.mercedesguerrero.de\/\",\"logo\":{\"@type\":\"ImageObject\",\"inLanguage\":\"es\",\"@id\":\"https:\/\/www.mercedesguerrero.de\/#\/schema\/logo\/image\/\",\"url\":\"https:\/\/www.mercedesguerrero.de\/wp-content\/uploads\/2021\/02\/cropped-logo-mg-512-final.jpg\",\"contentUrl\":\"https:\/\/www.mercedesguerrero.de\/wp-content\/uploads\/2021\/02\/cropped-logo-mg-512-final.jpg\",\"width\":512,\"height\":512,\"caption\":\"Mercedes Guerrero\"},\"image\":{\"@id\":\"https:\/\/www.mercedesguerrero.de\/#\/schema\/logo\/image\/\"}}]}<\/script>\n<!-- \/ Yoast SEO plugin. -->","yoast_head_json":{"title":"Contacto - Mercedes Guerrero","robots":{"index":"index","follow":"follow","max-snippet":"max-snippet:-1","max-image-preview":"max-image-preview:large","max-video-preview":"max-video-preview:-1"},"canonical":"https:\/\/www.mercedesguerrero.de\/es\/pongase-en-contacto-con\/","og_locale":"es_ES","og_type":"article","og_title":"Kontakt - Mercedes Guerrero","og_description":"Kontakt aufnehmen Freue mich \u00fcber Ihre Anfragen. Gerne k\u00f6nnen Sie mich telefonisch oder per E-Mail erreichen oder f\u00fcllen Sie das Kontaktformular aus. Ich werde mich schnellstm\u00f6glich mit Ihnen in Verbindung setzen. info@mercedesguerrero.de +49.7243-358 77 45 Kontaktformular","og_url":"https:\/\/www.mercedesguerrero.de\/es\/pongase-en-contacto-con\/","og_site_name":"Mercedes Guerrero","article_modified_time":"2024-02-26T08:00:08+00:00","og_image":[{"url":"https:\/\/www.mercedesguerrero.de\/wp-content\/uploads\/2022\/01\/kontakt_mercedes_sw.jpg","type":"","width":"","height":""}],"twitter_card":"summary_large_image","twitter_misc":{"Tiempo de lectura":"1 minuto"},"schema":{"@context":"https:\/\/schema.org","@graph":[{"@type":"WebPage","@id":"https:\/\/www.mercedesguerrero.de\/kontakt\/","url":"https:\/\/www.mercedesguerrero.de\/kontakt\/","name":"Contacto - Mercedes Guerrero","isPartOf":{"@id":"https:\/\/www.mercedesguerrero.de\/#website"},"primaryImageOfPage":{"@id":"https:\/\/www.mercedesguerrero.de\/kontakt\/#primaryimage"},"image":{"@id":"https:\/\/www.mercedesguerrero.de\/kontakt\/#primaryimage"},"thumbnailUrl":"https:\/\/www.mercedesguerrero.de\/wp-content\/uploads\/2022\/01\/kontakt_mercedes_sw.jpg","datePublished":"2021-01-17T06:18:00+00:00","dateModified":"2024-02-26T08:00:08+00:00","breadcrumb":{"@id":"https:\/\/www.mercedesguerrero.de\/kontakt\/#breadcrumb"},"inLanguage":"es","potentialAction":[{"@type":"ReadAction","target":["https:\/\/www.mercedesguerrero.de\/kontakt\/"]}]},{"@type":"ImageObject","inLanguage":"es","@id":"https:\/\/www.mercedesguerrero.de\/kontakt\/#primaryimage","url":"https:\/\/www.mercedesguerrero.de\/wp-content\/uploads\/2022\/01\/kontakt_mercedes_sw.jpg","contentUrl":"https:\/\/www.mercedesguerrero.de\/wp-content\/uploads\/2022\/01\/kontakt_mercedes_sw.jpg"},{"@type":"BreadcrumbList","@id":"https:\/\/www.mercedesguerrero.de\/kontakt\/#breadcrumb","itemListElement":[{"@type":"ListItem","position":1,"name":"Startseite","item":"https:\/\/www.mercedesguerrero.de\/"},{"@type":"ListItem","position":2,"name":"Kontakt"}]},{"@type":"WebSite","@id":"https:\/\/www.mercedesguerrero.de\/#website","url":"https:\/\/www.mercedesguerrero.de\/","name":"Mercedes Guerrero","description":"Mercedes Guerrero - canto, formaci\u00f3n vocal, direcci\u00f3n coral y educaci\u00f3n musical temprana.","publisher":{"@id":"https:\/\/www.mercedesguerrero.de\/#organization"},"potentialAction":[{"@type":"SearchAction","target":{"@type":"EntryPoint","urlTemplate":"https:\/\/www.mercedesguerrero.de\/?s={search_term_string}"},"query-input":{"@type":"PropertyValueSpecification","valueRequired":true,"valueName":"search_term_string"}}],"inLanguage":"es"},{"@type":"Organization","@id":"https:\/\/www.mercedesguerrero.de\/#organization","name":"Mercedes Guerrero","url":"https:\/\/www.mercedesguerrero.de\/","logo":{"@type":"ImageObject","inLanguage":"es","@id":"https:\/\/www.mercedesguerrero.de\/#\/schema\/logo\/image\/","url":"https:\/\/www.mercedesguerrero.de\/wp-content\/uploads\/2021\/02\/cropped-logo-mg-512-final.jpg","contentUrl":"https:\/\/www.mercedesguerrero.de\/wp-content\/uploads\/2021\/02\/cropped-logo-mg-512-final.jpg","width":512,"height":512,"caption":"Mercedes Guerrero"},"image":{"@id":"https:\/\/www.mercedesguerrero.de\/#\/schema\/logo\/image\/"}}]}},"_links":{"self":[{"href":"https:\/\/www.mercedesguerrero.de\/es\/wp-json\/wp\/v2\/pages\/947","targetHints":{"allow":["GET"]}}],"collection":[{"href":"https:\/\/www.mercedesguerrero.de\/es\/wp-json\/wp\/v2\/pages"}],"about":[{"href":"https:\/\/www.mercedesguerrero.de\/es\/wp-json\/wp\/v2\/types\/page"}],"author":[{"embeddable":true,"href":"https:\/\/www.mercedesguerrero.de\/es\/wp-json\/wp\/v2\/users\/1"}],"replies":[{"embeddable":true,"href":"https:\/\/www.mercedesguerrero.de\/es\/wp-json\/wp\/v2\/comments?post=947"}],"version-history":[{"count":171,"href":"https:\/\/www.mercedesguerrero.de\/es\/wp-json\/wp\/v2\/pages\/947\/revisions"}],"predecessor-version":[{"id":6720,"href":"https:\/\/www.mercedesguerrero.de\/es\/wp-json\/wp\/v2\/pages\/947\/revisions\/6720"}],"wp:attachment":[{"href":"https:\/\/www.mercedesguerrero.de\/es\/wp-json\/wp\/v2\/media?parent=947"}],"curies":[{"name":"wp","href":"https:\/\/api.w.org\/{rel}","templated":true}]}}