{"id":4745,"date":"2021-01-21T19:54:40","date_gmt":"2021-01-21T18:54:40","guid":{"rendered":"https:\/\/www.mercedesguerrero.de\/?page_id=4745"},"modified":"2021-07-15T11:28:48","modified_gmt":"2021-07-15T09:28:48","slug":"imprimir","status":"publish","type":"page","link":"https:\/\/www.mercedesguerrero.de\/es\/impressum\/","title":{"rendered":"Pie de imprenta"},"content":{"rendered":"<div data-elementor-type=\"wp-page\" data-elementor-id=\"4745\" class=\"elementor elementor-4745\" data-elementor-post-type=\"page\">\n\t\t\t\t\t\t<section class=\"elementor-section elementor-top-section elementor-element elementor-element-545d5a35 elementor-section-boxed elementor-section-height-default elementor-section-height-default qodef-elementor-content-no\" data-id=\"545d5a35\" data-element_type=\"section\" data-e-type=\"section\">\n\t\t\t\t\t\t<div class=\"elementor-container elementor-column-gap-default\">\n\t\t\t\t\t<div class=\"elementor-column elementor-col-100 elementor-top-column elementor-element elementor-element-111e9785\" data-id=\"111e9785\" data-element_type=\"column\" data-e-type=\"column\">\n\t\t\t<div class=\"elementor-widget-wrap elementor-element-populated\">\n\t\t\t\t\t\t<div class=\"elementor-element elementor-element-51e71b5a elementor-widget elementor-widget-text-editor\" data-id=\"51e71b5a\" data-element_type=\"widget\" data-e-type=\"widget\" data-widget_type=\"text-editor.default\">\n\t\t\t\t<div class=\"elementor-widget-container\">\n\t\t\t\t\t\t\t\t\t<h2>Informaci\u00f3n seg\u00fan el art\u00edculo 5 de la TMG<\/h2><p>Mercedes Guerrero<br \/>Bachstra\u00dfe 4, 76275 Ettlingen<\/p><h2>Contacto<\/h2><p>Tel\u00e9fono: 07243-3587745<br \/>Correo: info@mercedesguerrero.de<\/p><h2>Responsable del contenido seg\u00fan el art\u00edculo 55, apartado 2, del RStV<\/h2><p>Mercedes Guerrero<br \/>Calle Bachstra\u00dfe 4<br \/>76275 Ettlingen<\/p><h2 class=\"p1\">Implementaci\u00f3n y dise\u00f1o<\/h2><p class=\"p1\">GOERING ARTWORK - GOERING GmbH<br \/>Director General: Annette y Andreas G\u00f6ring<br \/>Alter Unter\u00f6wisheimer Weg 19<br \/>76646 Bruchsal<\/p><p class=\"p1\">Tel. 07251 98 95 12<br \/>Correo: <a href=\"mailto:info@goering.de\"><span class=\"s1\">info@goering.de<\/span><\/a><\/p><h2>Resoluci\u00f3n de litigios en la UE<\/h2><p>La Comisi\u00f3n Europea ofrece una plataforma para la resoluci\u00f3n de litigios en l\u00ednea (ODR): <a href=\"https:\/\/ec.europa.eu\/consumers\/odr\" target=\"_blank\" rel=\"noopener noreferrer\">https:\/\/ec.europa.eu\/consumers\/odr<\/a>.<br \/>Puede encontrar nuestra direcci\u00f3n de correo electr\u00f3nico en el pie de imprenta de arriba.<\/p><h2>Resoluci\u00f3n de litigios en materia de consumo\/junta arbitral universal<\/h2><p>No estamos dispuestos ni obligados a participar en un procedimiento de resoluci\u00f3n de conflictos ante una junta de arbitraje de consumo.<\/p><h3>Responsabilidad por el contenido<\/h3><p>Como proveedor de servicios, somos responsables de nuestros propios contenidos en estas p\u00e1ginas de acuerdo con la legislaci\u00f3n general seg\u00fan el art\u00edculo 7 (1) de la Ley de Telemedia alemana (TMG). Sin embargo, de acuerdo con los art\u00edculos 8 a 10 de la TMG, no estamos obligados, como proveedores de servicios, a controlar la informaci\u00f3n de terceros transmitida o almacenada, ni a investigar las circunstancias que indiquen una actividad ilegal.<\/p><p>Las obligaciones de eliminar o bloquear el uso de la informaci\u00f3n de acuerdo con las leyes generales no se ven afectadas por esto. Sin embargo, la responsabilidad a este respecto s\u00f3lo es posible a partir del momento en que se tiene conocimiento de una infracci\u00f3n concreta. Si tenemos conocimiento de las correspondientes infracciones, eliminaremos estos contenidos inmediatamente.<\/p><h3>Responsabilidad de los enlaces<\/h3><p>Nuestra oferta contiene enlaces a p\u00e1ginas web externas de terceros, sobre cuyos contenidos no tenemos ninguna influencia. Por lo tanto, no podemos asumir ninguna responsabilidad por estos contenidos externos. El proveedor u operador de las p\u00e1ginas es siempre responsable del contenido de las p\u00e1ginas enlazadas. Las p\u00e1ginas enlazadas fueron revisadas para detectar posibles infracciones legales en el momento de enlazarlas. Los contenidos ilegales no eran reconocibles en el momento del enlace.<\/p><p>Sin embargo, un control permanente de los contenidos de las p\u00e1ginas enlazadas no es razonable sin pruebas concretas de una violaci\u00f3n de la ley. Si tenemos conocimiento de alguna infracci\u00f3n de la ley, eliminaremos dichos enlaces inmediatamente.<\/p><h3>Copyright<\/h3><p>El contenido y las obras creadas por los operadores del sitio en estas p\u00e1ginas est\u00e1n sujetos a la legislaci\u00f3n alemana sobre derechos de autor. La duplicaci\u00f3n, el procesamiento, la distribuci\u00f3n y cualquier tipo de explotaci\u00f3n fuera de los l\u00edmites de la ley de derechos de autor requieren el consentimiento por escrito del respectivo autor o creador. Las descargas y copias de este sitio s\u00f3lo se permiten para uso privado y no comercial.<\/p><p>En la medida en que el contenido de esta p\u00e1gina no haya sido creado por el operador, se respetan los derechos de autor de terceros. En particular, los contenidos de terceros se identifican como tales. No obstante, si tiene conocimiento de una infracci\u00f3n de los derechos de autor, le rogamos que nos informe al respecto. Si tenemos conocimiento de alguna infracci\u00f3n, eliminaremos dicho contenido inmediatamente.<\/p>\t\t\t\t\t\t\t\t<\/div>\n\t\t\t\t<\/div>\n\t\t\t\t\t<\/div>\n\t\t<\/div>\n\t\t\t\t\t<\/div>\n\t\t<\/section>\n\t\t\t\t<\/div>","protected":false},"excerpt":{"rendered":"<p>Angaben gem\u00e4\u00df \u00a7 5 TMG Mercedes Guerrero Bachstra\u00dfe 4, 76275 Ettlingen Kontakt Tel.: 07243-3587745 Mail: info@mercedesguerrero.de Verantwortlich f\u00fcr den Inhalt nach \u00a7 55 Abs. 2 RStV Mercedes Guerrero Bachstra\u00dfe 4 76275 Ettlingen Umsetzung und Gestaltung GOERING ARTWORK \u2013 GOERING GmbH Gesch\u00e4ftsf\u00fchrer: Annette und Andreas G\u00f6ring Alter Unter\u00f6wisheimer Weg 19 76646 Bruchsal Tel. 07251 98 95 [&hellip;]<\/p>\n","protected":false},"author":1,"featured_media":0,"parent":0,"menu_order":0,"comment_status":"closed","ping_status":"open","template":"","meta":{"footnotes":""},"class_list":["post-4745","page","type-page","status-publish","hentry"],"yoast_head":"<!-- This site is optimized with the Yoast SEO plugin v27.0 - https:\/\/yoast.com\/product\/yoast-seo-wordpress\/ -->\n<title>Impressum - Mercedes Guerrero<\/title>\n<meta name=\"robots\" content=\"index, follow, max-snippet:-1, max-image-preview:large, max-video-preview:-1\" \/>\n<link rel=\"canonical\" href=\"https:\/\/www.mercedesguerrero.de\/es\/imprimir\/\" \/>\n<meta property=\"og:locale\" content=\"es_ES\" \/>\n<meta property=\"og:type\" content=\"article\" \/>\n<meta property=\"og:title\" content=\"Impressum - Mercedes Guerrero\" \/>\n<meta property=\"og:description\" content=\"Angaben gem\u00e4\u00df \u00a7 5 TMG Mercedes Guerrero Bachstra\u00dfe 4, 76275 Ettlingen Kontakt Tel.: 07243-3587745 Mail: info@mercedesguerrero.de Verantwortlich f\u00fcr den Inhalt nach \u00a7 55 Abs. 2 RStV Mercedes Guerrero Bachstra\u00dfe 4 76275 Ettlingen Umsetzung und Gestaltung GOERING ARTWORK \u2013 GOERING GmbH Gesch\u00e4ftsf\u00fchrer: Annette und Andreas G\u00f6ring Alter Unter\u00f6wisheimer Weg 19 76646 Bruchsal Tel. 07251 98 95 [&hellip;]\" \/>\n<meta property=\"og:url\" content=\"https:\/\/www.mercedesguerrero.de\/es\/imprimir\/\" \/>\n<meta property=\"og:site_name\" content=\"Mercedes Guerrero\" \/>\n<meta property=\"article:modified_time\" content=\"2021-07-15T09:28:48+00:00\" \/>\n<meta name=\"twitter:card\" content=\"summary_large_image\" \/>\n<meta name=\"twitter:label1\" content=\"Tiempo de lectura\" \/>\n\t<meta name=\"twitter:data1\" content=\"2 minutos\" \/>\n<script type=\"application\/ld+json\" class=\"yoast-schema-graph\">{\"@context\":\"https:\/\/schema.org\",\"@graph\":[{\"@type\":\"WebPage\",\"@id\":\"https:\/\/www.mercedesguerrero.de\/impressum\/\",\"url\":\"https:\/\/www.mercedesguerrero.de\/impressum\/\",\"name\":\"Impressum - Mercedes Guerrero\",\"isPartOf\":{\"@id\":\"https:\/\/www.mercedesguerrero.de\/#website\"},\"datePublished\":\"2021-01-21T18:54:40+00:00\",\"dateModified\":\"2021-07-15T09:28:48+00:00\",\"breadcrumb\":{\"@id\":\"https:\/\/www.mercedesguerrero.de\/impressum\/#breadcrumb\"},\"inLanguage\":\"es\",\"potentialAction\":[{\"@type\":\"ReadAction\",\"target\":[\"https:\/\/www.mercedesguerrero.de\/impressum\/\"]}]},{\"@type\":\"BreadcrumbList\",\"@id\":\"https:\/\/www.mercedesguerrero.de\/impressum\/#breadcrumb\",\"itemListElement\":[{\"@type\":\"ListItem\",\"position\":1,\"name\":\"Startseite\",\"item\":\"https:\/\/www.mercedesguerrero.de\/\"},{\"@type\":\"ListItem\",\"position\":2,\"name\":\"Impressum\"}]},{\"@type\":\"WebSite\",\"@id\":\"https:\/\/www.mercedesguerrero.de\/#website\",\"url\":\"https:\/\/www.mercedesguerrero.de\/\",\"name\":\"Mercedes Guerrero\",\"description\":\"Mercedes Guerrero - Gesang, Stimmbildung, Chorleitung und musikalische Fr\u00fcherziehung.\",\"publisher\":{\"@id\":\"https:\/\/www.mercedesguerrero.de\/#organization\"},\"potentialAction\":[{\"@type\":\"SearchAction\",\"target\":{\"@type\":\"EntryPoint\",\"urlTemplate\":\"https:\/\/www.mercedesguerrero.de\/?s={search_term_string}\"},\"query-input\":{\"@type\":\"PropertyValueSpecification\",\"valueRequired\":true,\"valueName\":\"search_term_string\"}}],\"inLanguage\":\"es\"},{\"@type\":\"Organization\",\"@id\":\"https:\/\/www.mercedesguerrero.de\/#organization\",\"name\":\"Mercedes Guerrero\",\"url\":\"https:\/\/www.mercedesguerrero.de\/\",\"logo\":{\"@type\":\"ImageObject\",\"inLanguage\":\"es\",\"@id\":\"https:\/\/www.mercedesguerrero.de\/#\/schema\/logo\/image\/\",\"url\":\"https:\/\/www.mercedesguerrero.de\/wp-content\/uploads\/2021\/02\/cropped-logo-mg-512-final.jpg\",\"contentUrl\":\"https:\/\/www.mercedesguerrero.de\/wp-content\/uploads\/2021\/02\/cropped-logo-mg-512-final.jpg\",\"width\":512,\"height\":512,\"caption\":\"Mercedes Guerrero\"},\"image\":{\"@id\":\"https:\/\/www.mercedesguerrero.de\/#\/schema\/logo\/image\/\"}}]}<\/script>\n<!-- \/ Yoast SEO plugin. -->","yoast_head_json":{"title":"Pie de imprenta - Mercedes Guerrero","robots":{"index":"index","follow":"follow","max-snippet":"max-snippet:-1","max-image-preview":"max-image-preview:large","max-video-preview":"max-video-preview:-1"},"canonical":"https:\/\/www.mercedesguerrero.de\/es\/imprimir\/","og_locale":"es_ES","og_type":"article","og_title":"Impressum - Mercedes Guerrero","og_description":"Angaben gem\u00e4\u00df \u00a7 5 TMG Mercedes Guerrero Bachstra\u00dfe 4, 76275 Ettlingen Kontakt Tel.: 07243-3587745 Mail: info@mercedesguerrero.de Verantwortlich f\u00fcr den Inhalt nach \u00a7 55 Abs. 2 RStV Mercedes Guerrero Bachstra\u00dfe 4 76275 Ettlingen Umsetzung und Gestaltung GOERING ARTWORK \u2013 GOERING GmbH Gesch\u00e4ftsf\u00fchrer: Annette und Andreas G\u00f6ring Alter Unter\u00f6wisheimer Weg 19 76646 Bruchsal Tel. 07251 98 95 [&hellip;]","og_url":"https:\/\/www.mercedesguerrero.de\/es\/imprimir\/","og_site_name":"Mercedes Guerrero","article_modified_time":"2021-07-15T09:28:48+00:00","twitter_card":"summary_large_image","twitter_misc":{"Tiempo de lectura":"2 minutos"},"schema":{"@context":"https:\/\/schema.org","@graph":[{"@type":"WebPage","@id":"https:\/\/www.mercedesguerrero.de\/impressum\/","url":"https:\/\/www.mercedesguerrero.de\/impressum\/","name":"Pie de imprenta - Mercedes Guerrero","isPartOf":{"@id":"https:\/\/www.mercedesguerrero.de\/#website"},"datePublished":"2021-01-21T18:54:40+00:00","dateModified":"2021-07-15T09:28:48+00:00","breadcrumb":{"@id":"https:\/\/www.mercedesguerrero.de\/impressum\/#breadcrumb"},"inLanguage":"es","potentialAction":[{"@type":"ReadAction","target":["https:\/\/www.mercedesguerrero.de\/impressum\/"]}]},{"@type":"BreadcrumbList","@id":"https:\/\/www.mercedesguerrero.de\/impressum\/#breadcrumb","itemListElement":[{"@type":"ListItem","position":1,"name":"Startseite","item":"https:\/\/www.mercedesguerrero.de\/"},{"@type":"ListItem","position":2,"name":"Impressum"}]},{"@type":"WebSite","@id":"https:\/\/www.mercedesguerrero.de\/#website","url":"https:\/\/www.mercedesguerrero.de\/","name":"Mercedes Guerrero","description":"Mercedes Guerrero - canto, formaci\u00f3n vocal, direcci\u00f3n coral y educaci\u00f3n musical temprana.","publisher":{"@id":"https:\/\/www.mercedesguerrero.de\/#organization"},"potentialAction":[{"@type":"SearchAction","target":{"@type":"EntryPoint","urlTemplate":"https:\/\/www.mercedesguerrero.de\/?s={search_term_string}"},"query-input":{"@type":"PropertyValueSpecification","valueRequired":true,"valueName":"search_term_string"}}],"inLanguage":"es"},{"@type":"Organization","@id":"https:\/\/www.mercedesguerrero.de\/#organization","name":"Mercedes Guerrero","url":"https:\/\/www.mercedesguerrero.de\/","logo":{"@type":"ImageObject","inLanguage":"es","@id":"https:\/\/www.mercedesguerrero.de\/#\/schema\/logo\/image\/","url":"https:\/\/www.mercedesguerrero.de\/wp-content\/uploads\/2021\/02\/cropped-logo-mg-512-final.jpg","contentUrl":"https:\/\/www.mercedesguerrero.de\/wp-content\/uploads\/2021\/02\/cropped-logo-mg-512-final.jpg","width":512,"height":512,"caption":"Mercedes Guerrero"},"image":{"@id":"https:\/\/www.mercedesguerrero.de\/#\/schema\/logo\/image\/"}}]}},"_links":{"self":[{"href":"https:\/\/www.mercedesguerrero.de\/es\/wp-json\/wp\/v2\/pages\/4745","targetHints":{"allow":["GET"]}}],"collection":[{"href":"https:\/\/www.mercedesguerrero.de\/es\/wp-json\/wp\/v2\/pages"}],"about":[{"href":"https:\/\/www.mercedesguerrero.de\/es\/wp-json\/wp\/v2\/types\/page"}],"author":[{"embeddable":true,"href":"https:\/\/www.mercedesguerrero.de\/es\/wp-json\/wp\/v2\/users\/1"}],"replies":[{"embeddable":true,"href":"https:\/\/www.mercedesguerrero.de\/es\/wp-json\/wp\/v2\/comments?post=4745"}],"version-history":[{"count":4,"href":"https:\/\/www.mercedesguerrero.de\/es\/wp-json\/wp\/v2\/pages\/4745\/revisions"}],"predecessor-version":[{"id":6276,"href":"https:\/\/www.mercedesguerrero.de\/es\/wp-json\/wp\/v2\/pages\/4745\/revisions\/6276"}],"wp:attachment":[{"href":"https:\/\/www.mercedesguerrero.de\/es\/wp-json\/wp\/v2\/media?parent=4745"}],"curies":[{"name":"wp","href":"https:\/\/api.w.org\/{rel}","templated":true}]}}