{"id":4086,"date":"2021-01-18T23:19:03","date_gmt":"2021-01-18T22:19:03","guid":{"rendered":"https:\/\/www.mercedesguerrero.de\/?page_id=4086"},"modified":"2023-09-21T12:03:52","modified_gmt":"2023-09-21T10:03:52","slug":"musikalische-frueherziehung","status":"publish","type":"page","link":"https:\/\/www.mercedesguerrero.de\/es\/musikalische-frueherziehung\/","title":{"rendered":"INICIACI\u00d3N MUSICAL TEMPRANA"},"content":{"rendered":"<div data-elementor-type=\"wp-page\" data-elementor-id=\"4086\" class=\"elementor elementor-4086\" data-elementor-post-type=\"page\">\n\t\t\t\t\t\t<section class=\"elementor-section elementor-top-section elementor-element elementor-element-d5669b3 qodef-elementor-content-grid elementor-section-boxed elementor-section-height-default elementor-section-height-default\" data-id=\"d5669b3\" data-element_type=\"section\" data-e-type=\"section\">\n\t\t\t\t\t\t<div class=\"elementor-container elementor-column-gap-default\">\n\t\t\t\t\t<div class=\"elementor-column elementor-col-50 elementor-top-column elementor-element elementor-element-933bca1\" data-id=\"933bca1\" data-element_type=\"column\" data-e-type=\"column\" data-settings=\"{&quot;background_background&quot;:&quot;classic&quot;}\">\n\t\t\t<div class=\"elementor-widget-wrap elementor-element-populated\">\n\t\t\t\t\t\t<div class=\"elementor-element elementor-element-0e1c130 elementor-widget elementor-widget-songbook_core_section_title\" data-id=\"0e1c130\" data-element_type=\"widget\" data-e-type=\"widget\" data-widget_type=\"songbook_core_section_title.default\">\n\t\t\t\t<div class=\"elementor-widget-container\">\n\t\t\t\t\t<div class=\"qodef-shortcode qodef-m  qodef-section-title qodef-alignment--left\">\n\t\t<h6 class=\"qodef-m-subtitle\" >\n\t\t<span>\n\t\t\tEl juego, la fantas\u00eda, expresi\u00f3n de sensaciones y sentimientos\t\t<\/span>\n\t<\/h6>\n\t\t<h1 class=\"qodef-m-title\" style=\"margin-top: 11px\">\n\t\t\t\t\tINICIACI\u00d3N MUSICAL TEMPRANA\t\t\t<\/h1>\n\t\t\t<p class=\"qodef-m-text\" style=\"margin-top: -9px\">La educaci\u00f3n musical temprana se desarrolla en los siguientes \u00e1mbitos: cantar, bailar, escuchar, conocer y tocar instrumentos.<\/p>\n<\/div>\t\t\t\t<\/div>\n\t\t\t\t<\/div>\n\t\t\t\t<div class=\"elementor-element elementor-element-4eb0319 elementor-widget elementor-widget-text-editor\" data-id=\"4eb0319\" data-element_type=\"widget\" data-e-type=\"widget\" data-widget_type=\"text-editor.default\">\n\t\t\t\t<div class=\"elementor-widget-container\">\n\t\t\t\t\t\t\t\t\t<p><span data-contrast=\"none\">La base de la iniciaci\u00f3n musical la determinan el canto, el baile, la audici\u00f3n y el conocimiento de los diversos sonidos e instrumentos musicales, por medio de todos los sentidos. Aspectos b\u00e1sicos de su personalidad como el <strong>deseo de jugar, vivir la fantas\u00eda, expresi\u00f3n de sensaciones y sentimientos.<\/strong> con otros ni\u00f1os. Siendo este, el proceso de la base t\u00e9cnica del aprendizaje musical a temprana edad. <br \/><\/span><\/p><p><span data-contrast=\"none\">A trav\u00e9s de la iniciaci\u00f3n musical temprana, los ni\u00f1os incrementan el desarrollo interactivamente del <strong>manejo del o los idiomas, su razonamiento, concentraci\u00f3n y la comprensi\u00f3n matem\u00e1tica y cient\u00edfica.<\/strong> Aprenden a conocer su propia disciplina con paciencia y creatividad, de igual manera aprenden a conocer sus propias limitaciones.\u00a0<\/span><\/p><p><span data-contrast=\"none\">Como profesora de educaci\u00f3n musical temprana estoy empleada en la escuela de m\u00fasica de Ettlingen. <\/span><span data-ccp-props=\"{\">\u00a0<\/span><\/p><p><span data-contrast=\"none\">Mas informaci\u00f3n :<\/span><span data-ccp-props=\"{\">\u00a0<\/span><\/p>\t\t\t\t\t\t\t\t<\/div>\n\t\t\t\t<\/div>\n\t\t\t\t<div class=\"elementor-element elementor-element-3d92c51 elementor-widget elementor-widget-songbook_core_button\" data-id=\"3d92c51\" data-element_type=\"widget\" data-e-type=\"widget\" data-widget_type=\"songbook_core_button.default\">\n\t\t\t\t<div class=\"elementor-widget-container\">\n\t\t\t\t\t<a class=\"qodef-shortcode qodef-m  qodef-button qodef-layout--filled  qodef-html--link\" href=\"https:\/\/www.ettlingen.de\/startseite\/Bildung+_+Soziales\/Musikschule.html\" target=\"_blank\"  >\n\t<span class=\"qodef-m-text\">Escuela de M\u00fasica de Ettlingen<\/span>\n\t<span class=\"qodef-m-border-vertical\" ><\/span>\n\t<span class=\"qodef-m-border-horizontal\" ><\/span>\n<\/a>\t\t\t\t<\/div>\n\t\t\t\t<\/div>\n\t\t\t\t<div class=\"elementor-element elementor-element-dbf9c4f elementor-widget elementor-widget-songbook_core_button\" data-id=\"dbf9c4f\" data-element_type=\"widget\" data-e-type=\"widget\" data-widget_type=\"songbook_core_button.default\">\n\t\t\t\t<div class=\"elementor-widget-container\">\n\t\t\t\t\t<a class=\"qodef-shortcode qodef-m  qodef-button qodef-layout--filled  qodef-html--link\" href=\"https:\/\/www.mercedesguerrero.de\/es\/pongase-en-contacto-con\/\" target=\"_self\"  >\n\t<span class=\"qodef-m-text\">Contacto<\/span>\n\t<span class=\"qodef-m-border-vertical\" ><\/span>\n\t<span class=\"qodef-m-border-horizontal\" ><\/span>\n<\/a>\t\t\t\t<\/div>\n\t\t\t\t<\/div>\n\t\t\t\t<div class=\"elementor-element elementor-element-c19a1af elementor-widget elementor-widget-spacer\" data-id=\"c19a1af\" data-element_type=\"widget\" data-e-type=\"widget\" data-widget_type=\"spacer.default\">\n\t\t\t\t<div class=\"elementor-widget-container\">\n\t\t\t\t\t\t\t<div class=\"elementor-spacer\">\n\t\t\t<div class=\"elementor-spacer-inner\"><\/div>\n\t\t<\/div>\n\t\t\t\t\t\t<\/div>\n\t\t\t\t<\/div>\n\t\t\t\t\t<\/div>\n\t\t<\/div>\n\t\t\t\t<div class=\"elementor-column elementor-col-50 elementor-top-column elementor-element elementor-element-b5a208e\" data-id=\"b5a208e\" data-element_type=\"column\" data-e-type=\"column\" data-settings=\"{&quot;background_background&quot;:&quot;classic&quot;}\">\n\t\t\t<div class=\"elementor-widget-wrap elementor-element-populated\">\n\t\t\t\t\t\t<div class=\"elementor-element elementor-element-1521dce elementor-widget elementor-widget-image\" data-id=\"1521dce\" data-element_type=\"widget\" data-e-type=\"widget\" data-widget_type=\"image.default\">\n\t\t\t\t<div class=\"elementor-widget-container\">\n\t\t\t\t\t\t\t\t\t\t\t\t\t\t\t<img decoding=\"async\" src=\"https:\/\/www.mercedesguerrero.de\/wp-content\/uploads\/elementor\/thumbs\/titel-h-mercedes-mfrueherziehung-p5bul9232m7ozvn7xcvdpakqc9vhgclkvmo5g1fvkk-q1wv1usg0d38del6zb0v0ers1uayhjwc0t3kcj9ms4.jpg\" title=\"t\u00edtulo-h-mercedes-mfrueher-educaci\u00f3n-\" alt=\"educaci\u00f3n temprana\" loading=\"lazy\" \/>\t\t\t\t\t\t\t\t\t\t\t\t\t\t\t<\/div>\n\t\t\t\t<\/div>\n\t\t\t\t\t<\/div>\n\t\t<\/div>\n\t\t\t\t\t<\/div>\n\t\t<\/section>\n\t\t\t\t<section class=\"elementor-section elementor-top-section elementor-element elementor-element-fd30980 elementor-section-full_width elementor-section-height-default elementor-section-height-default qodef-elementor-content-no\" data-id=\"fd30980\" data-element_type=\"section\" data-e-type=\"section\">\n\t\t\t\t\t\t<div class=\"elementor-container elementor-column-gap-default\">\n\t\t\t\t\t<div class=\"elementor-column elementor-col-100 elementor-top-column elementor-element elementor-element-26c5467\" data-id=\"26c5467\" data-element_type=\"column\" data-e-type=\"column\" data-settings=\"{&quot;background_background&quot;:&quot;classic&quot;}\">\n\t\t\t<div class=\"elementor-widget-wrap\">\n\t\t\t\t\t\t\t<\/div>\n\t\t<\/div>\n\t\t\t\t\t<\/div>\n\t\t<\/section>\n\t\t\t\t<\/div>","protected":false},"excerpt":{"rendered":"<p>Singen, Tanzen, H\u00f6ren Musikalische Fr\u00fcherziehung Musikalische Fr\u00fcherziehung gestaltet sich in folgenden Bereichen: Singen, Tanzen, H\u00f6ren, Instrumente kennenlernen und spielen. Ihre Kinder werden dabei vielseitig angesprochen, ermuntert und gef\u00f6rdert.\u00a0 Wichtige Z\u00fcge der kindlichen Pers\u00f6nlichkeit wie Spiellust, Fantasie, Gef\u00fchlswelt des Kindes, Vergn\u00fcgen am eigenen K\u00f6rper und an den eigenen Sinnen sowie der Wunsch der Kinder nach Kontakt [&hellip;]<\/p>\n","protected":false},"author":1,"featured_media":0,"parent":0,"menu_order":0,"comment_status":"closed","ping_status":"closed","template":"page-full-width.php","meta":{"footnotes":""},"class_list":["post-4086","page","type-page","status-publish","hentry"],"yoast_head":"<!-- This site is optimized with the Yoast SEO plugin v27.0 - https:\/\/yoast.com\/product\/yoast-seo-wordpress\/ -->\n<title>Musikalische Fr\u00fcherziehung - Mercedes Guerrero<\/title>\n<meta name=\"robots\" content=\"index, follow, max-snippet:-1, max-image-preview:large, max-video-preview:-1\" \/>\n<link rel=\"canonical\" href=\"https:\/\/www.mercedesguerrero.de\/es\/educacion-preescolar-musical\/\" \/>\n<meta property=\"og:locale\" content=\"es_ES\" \/>\n<meta property=\"og:type\" content=\"article\" \/>\n<meta property=\"og:title\" content=\"Musikalische Fr\u00fcherziehung - Mercedes Guerrero\" \/>\n<meta property=\"og:description\" content=\"Singen, Tanzen, H\u00f6ren Musikalische Fr\u00fcherziehung Musikalische Fr\u00fcherziehung gestaltet sich in folgenden Bereichen: Singen, Tanzen, H\u00f6ren, Instrumente kennenlernen und spielen. Ihre Kinder werden dabei vielseitig angesprochen, ermuntert und gef\u00f6rdert.\u00a0 Wichtige Z\u00fcge der kindlichen Pers\u00f6nlichkeit wie Spiellust, Fantasie, Gef\u00fchlswelt des Kindes, Vergn\u00fcgen am eigenen K\u00f6rper und an den eigenen Sinnen sowie der Wunsch der Kinder nach Kontakt [&hellip;]\" \/>\n<meta property=\"og:url\" content=\"https:\/\/www.mercedesguerrero.de\/es\/educacion-preescolar-musical\/\" \/>\n<meta property=\"og:site_name\" content=\"Mercedes Guerrero\" \/>\n<meta property=\"article:modified_time\" content=\"2023-09-21T10:03:52+00:00\" \/>\n<meta property=\"og:image\" content=\"https:\/\/www.mercedesguerrero.de\/wp-content\/uploads\/elementor\/thumbs\/titel-h-mercedes-mfrueherziehung-p5bul9232m7ozvn7xcvdpakqc9vhgclkvmo5g1fvkk-q1wv1usg0d38del6zb0v0ers1uayhjwc0t3k53cikg.jpg\" \/>\n<meta name=\"twitter:card\" content=\"summary_large_image\" \/>\n<meta name=\"twitter:label1\" content=\"Tiempo de lectura\" \/>\n\t<meta name=\"twitter:data1\" content=\"1 minuto\" \/>\n<script type=\"application\/ld+json\" class=\"yoast-schema-graph\">{\"@context\":\"https:\/\/schema.org\",\"@graph\":[{\"@type\":\"WebPage\",\"@id\":\"https:\/\/www.mercedesguerrero.de\/musikalische-frueherziehung\/\",\"url\":\"https:\/\/www.mercedesguerrero.de\/musikalische-frueherziehung\/\",\"name\":\"Musikalische Fr\u00fcherziehung - Mercedes Guerrero\",\"isPartOf\":{\"@id\":\"https:\/\/www.mercedesguerrero.de\/#website\"},\"primaryImageOfPage\":{\"@id\":\"https:\/\/www.mercedesguerrero.de\/musikalische-frueherziehung\/#primaryimage\"},\"image\":{\"@id\":\"https:\/\/www.mercedesguerrero.de\/musikalische-frueherziehung\/#primaryimage\"},\"thumbnailUrl\":\"https:\/\/www.mercedesguerrero.de\/wp-content\/uploads\/elementor\/thumbs\/titel-h-mercedes-mfrueherziehung-p5bul9232m7ozvn7xcvdpakqc9vhgclkvmo5g1fvkk-q1wv1usg0d38del6zb0v0ers1uayhjwc0t3k53cikg.jpg\",\"datePublished\":\"2021-01-18T22:19:03+00:00\",\"dateModified\":\"2023-09-21T10:03:52+00:00\",\"breadcrumb\":{\"@id\":\"https:\/\/www.mercedesguerrero.de\/musikalische-frueherziehung\/#breadcrumb\"},\"inLanguage\":\"es\",\"potentialAction\":[{\"@type\":\"ReadAction\",\"target\":[\"https:\/\/www.mercedesguerrero.de\/musikalische-frueherziehung\/\"]}]},{\"@type\":\"ImageObject\",\"inLanguage\":\"es\",\"@id\":\"https:\/\/www.mercedesguerrero.de\/musikalische-frueherziehung\/#primaryimage\",\"url\":\"https:\/\/www.mercedesguerrero.de\/wp-content\/uploads\/elementor\/thumbs\/titel-h-mercedes-mfrueherziehung-p5bul9232m7ozvn7xcvdpakqc9vhgclkvmo5g1fvkk-q1wv1usg0d38del6zb0v0ers1uayhjwc0t3k53cikg.jpg\",\"contentUrl\":\"https:\/\/www.mercedesguerrero.de\/wp-content\/uploads\/elementor\/thumbs\/titel-h-mercedes-mfrueherziehung-p5bul9232m7ozvn7xcvdpakqc9vhgclkvmo5g1fvkk-q1wv1usg0d38del6zb0v0ers1uayhjwc0t3k53cikg.jpg\"},{\"@type\":\"BreadcrumbList\",\"@id\":\"https:\/\/www.mercedesguerrero.de\/musikalische-frueherziehung\/#breadcrumb\",\"itemListElement\":[{\"@type\":\"ListItem\",\"position\":1,\"name\":\"Startseite\",\"item\":\"https:\/\/www.mercedesguerrero.de\/\"},{\"@type\":\"ListItem\",\"position\":2,\"name\":\"Musikalische Fr\u00fcherziehung\"}]},{\"@type\":\"WebSite\",\"@id\":\"https:\/\/www.mercedesguerrero.de\/#website\",\"url\":\"https:\/\/www.mercedesguerrero.de\/\",\"name\":\"Mercedes Guerrero\",\"description\":\"Mercedes Guerrero - Gesang, Stimmbildung, Chorleitung und musikalische Fr\u00fcherziehung.\",\"publisher\":{\"@id\":\"https:\/\/www.mercedesguerrero.de\/#organization\"},\"potentialAction\":[{\"@type\":\"SearchAction\",\"target\":{\"@type\":\"EntryPoint\",\"urlTemplate\":\"https:\/\/www.mercedesguerrero.de\/?s={search_term_string}\"},\"query-input\":{\"@type\":\"PropertyValueSpecification\",\"valueRequired\":true,\"valueName\":\"search_term_string\"}}],\"inLanguage\":\"es\"},{\"@type\":\"Organization\",\"@id\":\"https:\/\/www.mercedesguerrero.de\/#organization\",\"name\":\"Mercedes Guerrero\",\"url\":\"https:\/\/www.mercedesguerrero.de\/\",\"logo\":{\"@type\":\"ImageObject\",\"inLanguage\":\"es\",\"@id\":\"https:\/\/www.mercedesguerrero.de\/#\/schema\/logo\/image\/\",\"url\":\"https:\/\/www.mercedesguerrero.de\/wp-content\/uploads\/2021\/02\/cropped-logo-mg-512-final.jpg\",\"contentUrl\":\"https:\/\/www.mercedesguerrero.de\/wp-content\/uploads\/2021\/02\/cropped-logo-mg-512-final.jpg\",\"width\":512,\"height\":512,\"caption\":\"Mercedes Guerrero\"},\"image\":{\"@id\":\"https:\/\/www.mercedesguerrero.de\/#\/schema\/logo\/image\/\"}}]}<\/script>\n<!-- \/ Yoast SEO plugin. -->","yoast_head_json":{"title":"Educaci\u00f3n musical temprana - Mercedes Guerrero","robots":{"index":"index","follow":"follow","max-snippet":"max-snippet:-1","max-image-preview":"max-image-preview:large","max-video-preview":"max-video-preview:-1"},"canonical":"https:\/\/www.mercedesguerrero.de\/es\/educacion-preescolar-musical\/","og_locale":"es_ES","og_type":"article","og_title":"Musikalische Fr\u00fcherziehung - Mercedes Guerrero","og_description":"Singen, Tanzen, H\u00f6ren Musikalische Fr\u00fcherziehung Musikalische Fr\u00fcherziehung gestaltet sich in folgenden Bereichen: Singen, Tanzen, H\u00f6ren, Instrumente kennenlernen und spielen. Ihre Kinder werden dabei vielseitig angesprochen, ermuntert und gef\u00f6rdert.\u00a0 Wichtige Z\u00fcge der kindlichen Pers\u00f6nlichkeit wie Spiellust, Fantasie, Gef\u00fchlswelt des Kindes, Vergn\u00fcgen am eigenen K\u00f6rper und an den eigenen Sinnen sowie der Wunsch der Kinder nach Kontakt [&hellip;]","og_url":"https:\/\/www.mercedesguerrero.de\/es\/educacion-preescolar-musical\/","og_site_name":"Mercedes Guerrero","article_modified_time":"2023-09-21T10:03:52+00:00","og_image":[{"url":"https:\/\/www.mercedesguerrero.de\/wp-content\/uploads\/elementor\/thumbs\/titel-h-mercedes-mfrueherziehung-p5bul9232m7ozvn7xcvdpakqc9vhgclkvmo5g1fvkk-q1wv1usg0d38del6zb0v0ers1uayhjwc0t3k53cikg.jpg","type":"","width":"","height":""}],"twitter_card":"summary_large_image","twitter_misc":{"Tiempo de lectura":"1 minuto"},"schema":{"@context":"https:\/\/schema.org","@graph":[{"@type":"WebPage","@id":"https:\/\/www.mercedesguerrero.de\/musikalische-frueherziehung\/","url":"https:\/\/www.mercedesguerrero.de\/musikalische-frueherziehung\/","name":"Educaci\u00f3n musical temprana - Mercedes Guerrero","isPartOf":{"@id":"https:\/\/www.mercedesguerrero.de\/#website"},"primaryImageOfPage":{"@id":"https:\/\/www.mercedesguerrero.de\/musikalische-frueherziehung\/#primaryimage"},"image":{"@id":"https:\/\/www.mercedesguerrero.de\/musikalische-frueherziehung\/#primaryimage"},"thumbnailUrl":"https:\/\/www.mercedesguerrero.de\/wp-content\/uploads\/elementor\/thumbs\/titel-h-mercedes-mfrueherziehung-p5bul9232m7ozvn7xcvdpakqc9vhgclkvmo5g1fvkk-q1wv1usg0d38del6zb0v0ers1uayhjwc0t3k53cikg.jpg","datePublished":"2021-01-18T22:19:03+00:00","dateModified":"2023-09-21T10:03:52+00:00","breadcrumb":{"@id":"https:\/\/www.mercedesguerrero.de\/musikalische-frueherziehung\/#breadcrumb"},"inLanguage":"es","potentialAction":[{"@type":"ReadAction","target":["https:\/\/www.mercedesguerrero.de\/musikalische-frueherziehung\/"]}]},{"@type":"ImageObject","inLanguage":"es","@id":"https:\/\/www.mercedesguerrero.de\/musikalische-frueherziehung\/#primaryimage","url":"https:\/\/www.mercedesguerrero.de\/wp-content\/uploads\/elementor\/thumbs\/titel-h-mercedes-mfrueherziehung-p5bul9232m7ozvn7xcvdpakqc9vhgclkvmo5g1fvkk-q1wv1usg0d38del6zb0v0ers1uayhjwc0t3k53cikg.jpg","contentUrl":"https:\/\/www.mercedesguerrero.de\/wp-content\/uploads\/elementor\/thumbs\/titel-h-mercedes-mfrueherziehung-p5bul9232m7ozvn7xcvdpakqc9vhgclkvmo5g1fvkk-q1wv1usg0d38del6zb0v0ers1uayhjwc0t3k53cikg.jpg"},{"@type":"BreadcrumbList","@id":"https:\/\/www.mercedesguerrero.de\/musikalische-frueherziehung\/#breadcrumb","itemListElement":[{"@type":"ListItem","position":1,"name":"Startseite","item":"https:\/\/www.mercedesguerrero.de\/"},{"@type":"ListItem","position":2,"name":"Musikalische Fr\u00fcherziehung"}]},{"@type":"WebSite","@id":"https:\/\/www.mercedesguerrero.de\/#website","url":"https:\/\/www.mercedesguerrero.de\/","name":"Mercedes Guerrero","description":"Mercedes Guerrero - canto, formaci\u00f3n vocal, direcci\u00f3n coral y educaci\u00f3n musical temprana.","publisher":{"@id":"https:\/\/www.mercedesguerrero.de\/#organization"},"potentialAction":[{"@type":"SearchAction","target":{"@type":"EntryPoint","urlTemplate":"https:\/\/www.mercedesguerrero.de\/?s={search_term_string}"},"query-input":{"@type":"PropertyValueSpecification","valueRequired":true,"valueName":"search_term_string"}}],"inLanguage":"es"},{"@type":"Organization","@id":"https:\/\/www.mercedesguerrero.de\/#organization","name":"Mercedes Guerrero","url":"https:\/\/www.mercedesguerrero.de\/","logo":{"@type":"ImageObject","inLanguage":"es","@id":"https:\/\/www.mercedesguerrero.de\/#\/schema\/logo\/image\/","url":"https:\/\/www.mercedesguerrero.de\/wp-content\/uploads\/2021\/02\/cropped-logo-mg-512-final.jpg","contentUrl":"https:\/\/www.mercedesguerrero.de\/wp-content\/uploads\/2021\/02\/cropped-logo-mg-512-final.jpg","width":512,"height":512,"caption":"Mercedes Guerrero"},"image":{"@id":"https:\/\/www.mercedesguerrero.de\/#\/schema\/logo\/image\/"}}]}},"_links":{"self":[{"href":"https:\/\/www.mercedesguerrero.de\/es\/wp-json\/wp\/v2\/pages\/4086","targetHints":{"allow":["GET"]}}],"collection":[{"href":"https:\/\/www.mercedesguerrero.de\/es\/wp-json\/wp\/v2\/pages"}],"about":[{"href":"https:\/\/www.mercedesguerrero.de\/es\/wp-json\/wp\/v2\/types\/page"}],"author":[{"embeddable":true,"href":"https:\/\/www.mercedesguerrero.de\/es\/wp-json\/wp\/v2\/users\/1"}],"replies":[{"embeddable":true,"href":"https:\/\/www.mercedesguerrero.de\/es\/wp-json\/wp\/v2\/comments?post=4086"}],"version-history":[{"count":34,"href":"https:\/\/www.mercedesguerrero.de\/es\/wp-json\/wp\/v2\/pages\/4086\/revisions"}],"predecessor-version":[{"id":6627,"href":"https:\/\/www.mercedesguerrero.de\/es\/wp-json\/wp\/v2\/pages\/4086\/revisions\/6627"}],"wp:attachment":[{"href":"https:\/\/www.mercedesguerrero.de\/es\/wp-json\/wp\/v2\/media?parent=4086"}],"curies":[{"name":"wp","href":"https:\/\/api.w.org\/{rel}","templated":true}]}}