{"id":4068,"date":"2021-01-18T22:50:49","date_gmt":"2021-01-18T21:50:49","guid":{"rendered":"https:\/\/www.mercedesguerrero.de\/?page_id=4068"},"modified":"2023-09-21T12:02:05","modified_gmt":"2023-09-21T10:02:05","slug":"stimmbildung-fuer-choere","status":"publish","type":"page","link":"https:\/\/www.mercedesguerrero.de\/es\/stimmbildung-fuer-choere\/","title":{"rendered":"T\u00c9CNICA VOCAL PARA COROS"},"content":{"rendered":"<div data-elementor-type=\"wp-page\" data-elementor-id=\"4068\" class=\"elementor elementor-4068\" data-elementor-post-type=\"page\">\n\t\t\t\t\t\t<section class=\"elementor-section elementor-top-section elementor-element elementor-element-d5669b3 qodef-elementor-content-grid elementor-section-boxed elementor-section-height-default elementor-section-height-default\" data-id=\"d5669b3\" data-element_type=\"section\" data-e-type=\"section\">\n\t\t\t\t\t\t<div class=\"elementor-container elementor-column-gap-default\">\n\t\t\t\t\t<div class=\"elementor-column elementor-col-50 elementor-top-column elementor-element elementor-element-933bca1\" data-id=\"933bca1\" data-element_type=\"column\" data-e-type=\"column\" data-settings=\"{&quot;background_background&quot;:&quot;classic&quot;}\">\n\t\t\t<div class=\"elementor-widget-wrap elementor-element-populated\">\n\t\t\t\t\t\t<div class=\"elementor-element elementor-element-0e1c130 elementor-widget elementor-widget-songbook_core_section_title\" data-id=\"0e1c130\" data-element_type=\"widget\" data-e-type=\"widget\" data-widget_type=\"songbook_core_section_title.default\">\n\t\t\t\t<div class=\"elementor-widget-container\">\n\t\t\t\t\t<div class=\"qodef-shortcode qodef-m  qodef-section-title qodef-alignment--left\">\n\t\t\t<h1 class=\"qodef-m-title\" style=\"margin-top: 11px\">\n\t\t\t\t\tT\u00c9CNICA VOCAL PARA COROS\t\t\t<\/h1>\n\t\t\t<p class=\"qodef-m-text\" style=\"margin-top: -9px\">El trabajo conjunto en la producci\u00f3n de un solo sonido, precisi\u00f3n en la entonaci\u00f3n, perfeccionamiento en el manejo del propio instrumento, desarrollo auditivo y consciencia durante el canto grupal son uno de los diversos aspectos que una asesor\u00eda profesional ayuda a desarrollar en los grupos vocales incrementado as\u00ed la capacidad de expresi\u00f3n vocal.<\/p>\n<\/div>\t\t\t\t<\/div>\n\t\t\t\t<\/div>\n\t\t\t\t<div class=\"elementor-element elementor-element-4eb0319 elementor-widget elementor-widget-text-editor\" data-id=\"4eb0319\" data-element_type=\"widget\" data-e-type=\"widget\" data-widget_type=\"text-editor.default\">\n\t\t\t\t<div class=\"elementor-widget-container\">\n\t\t\t\t\t\t\t\t\t<p><span data-contrast=\"none\"><strong>Ejercicios corporales y una agradable atm\u00f3sfera de trabajo<\/strong> adecuada para cada edad y tesitura vocal, son aspectos que se incluyen en la din\u00e1mica de <\/span><span data-contrast=\"none\">la t\u00e9cnica vocal grupal junto al <br \/><strong>incremento de la vitalidad, <\/strong><\/span><span data-contrast=\"none\"><strong>oxigenaci\u00f3n\u00a0 y postura corporal,<\/strong> <strong>abordamiento del agotamiento emocional, coordinaci\u00f3n,<\/strong> y la posibilidad <strong>de un desarrollo integral de la personalidad humana y musical.<\/strong>.\u00a0<\/span><span data-ccp-props=\"{\">\u00a0<\/span><\/p><p><span data-contrast=\"none\">Como complemento al trabajo habitual del ensayo coral es recomendable sesiones constantes y de manera separada, de t\u00e9cnica vocal para los cantantes. Talleres de fines de semana es un complemento ideal para toda clase de agrupaciones vocales.<\/span><span data-ccp-props=\"{\">\u00a0<\/span><\/p><p><span data-contrast=\"none\">Mas informaci\u00f3n :<\/span><span data-ccp-props=\"{\">\u00a0<\/span><\/p>\t\t\t\t\t\t\t\t<\/div>\n\t\t\t\t<\/div>\n\t\t\t\t<div class=\"elementor-element elementor-element-dbf9c4f elementor-widget elementor-widget-songbook_core_button\" data-id=\"dbf9c4f\" data-element_type=\"widget\" data-e-type=\"widget\" data-widget_type=\"songbook_core_button.default\">\n\t\t\t\t<div class=\"elementor-widget-container\">\n\t\t\t\t\t<a class=\"qodef-shortcode qodef-m  qodef-button qodef-layout--filled  qodef-html--link\" href=\"https:\/\/www.mercedesguerrero.de\/es\/pongase-en-contacto-con\/\" target=\"_self\"  >\n\t<span class=\"qodef-m-text\">Contacto<\/span>\n\t<span class=\"qodef-m-border-vertical\" ><\/span>\n\t<span class=\"qodef-m-border-horizontal\" ><\/span>\n<\/a>\t\t\t\t<\/div>\n\t\t\t\t<\/div>\n\t\t\t\t<div class=\"elementor-element elementor-element-d3f68ff elementor-widget elementor-widget-spacer\" data-id=\"d3f68ff\" data-element_type=\"widget\" data-e-type=\"widget\" data-widget_type=\"spacer.default\">\n\t\t\t\t<div class=\"elementor-widget-container\">\n\t\t\t\t\t\t\t<div class=\"elementor-spacer\">\n\t\t\t<div class=\"elementor-spacer-inner\"><\/div>\n\t\t<\/div>\n\t\t\t\t\t\t<\/div>\n\t\t\t\t<\/div>\n\t\t\t\t\t<\/div>\n\t\t<\/div>\n\t\t\t\t<div class=\"elementor-column elementor-col-50 elementor-top-column elementor-element elementor-element-b5a208e\" data-id=\"b5a208e\" data-element_type=\"column\" data-e-type=\"column\" data-settings=\"{&quot;background_background&quot;:&quot;classic&quot;}\">\n\t\t\t<div class=\"elementor-widget-wrap elementor-element-populated\">\n\t\t\t\t\t\t<div class=\"elementor-element elementor-element-1521dce elementor-widget elementor-widget-image\" data-id=\"1521dce\" data-element_type=\"widget\" data-e-type=\"widget\" data-widget_type=\"image.default\">\n\t\t\t\t<div class=\"elementor-widget-container\">\n\t\t\t\t\t\t\t\t\t\t\t\t\t\t\t<img decoding=\"async\" src=\"https:\/\/www.mercedesguerrero.de\/wp-content\/uploads\/elementor\/thumbs\/h-chor-workshop_m-1024x587-1-q1wv1tumfggoognrq8mvqw73xgpo6cmcm6lh0a5ew0.jpg\" title=\"h-chor-workshop_m-1024\u00d7587\" alt=\"h-chor-workshop_m-1024x587\" loading=\"lazy\" \/>\t\t\t\t\t\t\t\t\t\t\t\t\t\t\t<\/div>\n\t\t\t\t<\/div>\n\t\t\t\t\t<\/div>\n\t\t<\/div>\n\t\t\t\t\t<\/div>\n\t\t<\/section>\n\t\t\t\t<section class=\"elementor-section elementor-top-section elementor-element elementor-element-fd30980 elementor-section-full_width elementor-section-height-default elementor-section-height-default qodef-elementor-content-no\" data-id=\"fd30980\" data-element_type=\"section\" data-e-type=\"section\">\n\t\t\t\t\t\t<div class=\"elementor-container elementor-column-gap-default\">\n\t\t\t\t\t<div class=\"elementor-column elementor-col-100 elementor-top-column elementor-element elementor-element-26c5467\" data-id=\"26c5467\" data-element_type=\"column\" data-e-type=\"column\" data-settings=\"{&quot;background_background&quot;:&quot;classic&quot;}\">\n\t\t\t<div class=\"elementor-widget-wrap\">\n\t\t\t\t\t\t\t<\/div>\n\t\t<\/div>\n\t\t\t\t\t<\/div>\n\t\t<\/section>\n\t\t\t\t<\/div>","protected":false},"excerpt":{"rendered":"<p>Stimmbildung f\u00fcr Ch\u00f6re Gemeinsame Arbeit an einem sch\u00f6neren Klang, intonatorische Pr\u00e4zision, bessere Beherrschung der eigenen Stimme mit Spa\u00df und Bewusstsein w\u00e4hrend des gemeinsamen Singens sind einige Aspekte, die eine professionelle stimmbildnerische Arbeit in einem Chor bewirken kann um eine h\u00f6here musikalische Ausdrucksf\u00e4higkeit zu erreichen. Wohlgef\u00fchl, Bewegungsmotivation und gute Laune werden \u00fcber verschiedene \u00dcbungen f\u00fcr jedes [&hellip;]<\/p>\n","protected":false},"author":1,"featured_media":0,"parent":0,"menu_order":0,"comment_status":"closed","ping_status":"closed","template":"page-full-width.php","meta":{"footnotes":""},"class_list":["post-4068","page","type-page","status-publish","hentry"],"yoast_head":"<!-- This site is optimized with the Yoast SEO plugin v27.0 - https:\/\/yoast.com\/product\/yoast-seo-wordpress\/ -->\n<title>Stimmbildung f\u00fcr Ch\u00f6re - Mercedes Guerrero<\/title>\n<meta name=\"robots\" content=\"index, follow, max-snippet:-1, max-image-preview:large, max-video-preview:-1\" \/>\n<link rel=\"canonical\" href=\"https:\/\/www.mercedesguerrero.de\/es\/formacion-vocal-para-coros\/\" \/>\n<meta property=\"og:locale\" content=\"es_ES\" \/>\n<meta property=\"og:type\" content=\"article\" \/>\n<meta property=\"og:title\" content=\"Stimmbildung f\u00fcr Ch\u00f6re - Mercedes Guerrero\" \/>\n<meta property=\"og:description\" content=\"Stimmbildung f\u00fcr Ch\u00f6re Gemeinsame Arbeit an einem sch\u00f6neren Klang, intonatorische Pr\u00e4zision, bessere Beherrschung der eigenen Stimme mit Spa\u00df und Bewusstsein w\u00e4hrend des gemeinsamen Singens sind einige Aspekte, die eine professionelle stimmbildnerische Arbeit in einem Chor bewirken kann um eine h\u00f6here musikalische Ausdrucksf\u00e4higkeit zu erreichen. Wohlgef\u00fchl, Bewegungsmotivation und gute Laune werden \u00fcber verschiedene \u00dcbungen f\u00fcr jedes [&hellip;]\" \/>\n<meta property=\"og:url\" content=\"https:\/\/www.mercedesguerrero.de\/es\/formacion-vocal-para-coros\/\" \/>\n<meta property=\"og:site_name\" content=\"Mercedes Guerrero\" \/>\n<meta property=\"article:modified_time\" content=\"2023-09-21T10:02:05+00:00\" \/>\n<meta property=\"og:image\" content=\"https:\/\/www.mercedesguerrero.de\/wp-content\/uploads\/elementor\/thumbs\/h-chor-workshop_m-1024x587-1-q1wv1tumfggoognrq8mvqw73xgpo6cmcm6lh0a5ew0.jpg\" \/>\n<meta name=\"twitter:card\" content=\"summary_large_image\" \/>\n<meta name=\"twitter:label1\" content=\"Tiempo de lectura\" \/>\n\t<meta name=\"twitter:data1\" content=\"1 minuto\" \/>\n<script type=\"application\/ld+json\" class=\"yoast-schema-graph\">{\"@context\":\"https:\/\/schema.org\",\"@graph\":[{\"@type\":\"WebPage\",\"@id\":\"https:\/\/www.mercedesguerrero.de\/stimmbildung-fuer-choere\/\",\"url\":\"https:\/\/www.mercedesguerrero.de\/stimmbildung-fuer-choere\/\",\"name\":\"Stimmbildung f\u00fcr Ch\u00f6re - Mercedes Guerrero\",\"isPartOf\":{\"@id\":\"https:\/\/www.mercedesguerrero.de\/#website\"},\"primaryImageOfPage\":{\"@id\":\"https:\/\/www.mercedesguerrero.de\/stimmbildung-fuer-choere\/#primaryimage\"},\"image\":{\"@id\":\"https:\/\/www.mercedesguerrero.de\/stimmbildung-fuer-choere\/#primaryimage\"},\"thumbnailUrl\":\"https:\/\/www.mercedesguerrero.de\/wp-content\/uploads\/elementor\/thumbs\/h-chor-workshop_m-1024x587-1-q1wv1tumfggoognrq8mvqw73xgpo6cmcm6lh0a5ew0.jpg\",\"datePublished\":\"2021-01-18T21:50:49+00:00\",\"dateModified\":\"2023-09-21T10:02:05+00:00\",\"breadcrumb\":{\"@id\":\"https:\/\/www.mercedesguerrero.de\/stimmbildung-fuer-choere\/#breadcrumb\"},\"inLanguage\":\"es\",\"potentialAction\":[{\"@type\":\"ReadAction\",\"target\":[\"https:\/\/www.mercedesguerrero.de\/stimmbildung-fuer-choere\/\"]}]},{\"@type\":\"ImageObject\",\"inLanguage\":\"es\",\"@id\":\"https:\/\/www.mercedesguerrero.de\/stimmbildung-fuer-choere\/#primaryimage\",\"url\":\"https:\/\/www.mercedesguerrero.de\/wp-content\/uploads\/elementor\/thumbs\/h-chor-workshop_m-1024x587-1-q1wv1tumfggoognrq8mvqw73xgpo6cmcm6lh0a5ew0.jpg\",\"contentUrl\":\"https:\/\/www.mercedesguerrero.de\/wp-content\/uploads\/elementor\/thumbs\/h-chor-workshop_m-1024x587-1-q1wv1tumfggoognrq8mvqw73xgpo6cmcm6lh0a5ew0.jpg\"},{\"@type\":\"BreadcrumbList\",\"@id\":\"https:\/\/www.mercedesguerrero.de\/stimmbildung-fuer-choere\/#breadcrumb\",\"itemListElement\":[{\"@type\":\"ListItem\",\"position\":1,\"name\":\"Startseite\",\"item\":\"https:\/\/www.mercedesguerrero.de\/\"},{\"@type\":\"ListItem\",\"position\":2,\"name\":\"Stimmbildung f\u00fcr Ch\u00f6re\"}]},{\"@type\":\"WebSite\",\"@id\":\"https:\/\/www.mercedesguerrero.de\/#website\",\"url\":\"https:\/\/www.mercedesguerrero.de\/\",\"name\":\"Mercedes Guerrero\",\"description\":\"Mercedes Guerrero - Gesang, Stimmbildung, Chorleitung und musikalische Fr\u00fcherziehung.\",\"publisher\":{\"@id\":\"https:\/\/www.mercedesguerrero.de\/#organization\"},\"potentialAction\":[{\"@type\":\"SearchAction\",\"target\":{\"@type\":\"EntryPoint\",\"urlTemplate\":\"https:\/\/www.mercedesguerrero.de\/?s={search_term_string}\"},\"query-input\":{\"@type\":\"PropertyValueSpecification\",\"valueRequired\":true,\"valueName\":\"search_term_string\"}}],\"inLanguage\":\"es\"},{\"@type\":\"Organization\",\"@id\":\"https:\/\/www.mercedesguerrero.de\/#organization\",\"name\":\"Mercedes Guerrero\",\"url\":\"https:\/\/www.mercedesguerrero.de\/\",\"logo\":{\"@type\":\"ImageObject\",\"inLanguage\":\"es\",\"@id\":\"https:\/\/www.mercedesguerrero.de\/#\/schema\/logo\/image\/\",\"url\":\"https:\/\/www.mercedesguerrero.de\/wp-content\/uploads\/2021\/02\/cropped-logo-mg-512-final.jpg\",\"contentUrl\":\"https:\/\/www.mercedesguerrero.de\/wp-content\/uploads\/2021\/02\/cropped-logo-mg-512-final.jpg\",\"width\":512,\"height\":512,\"caption\":\"Mercedes Guerrero\"},\"image\":{\"@id\":\"https:\/\/www.mercedesguerrero.de\/#\/schema\/logo\/image\/\"}}]}<\/script>\n<!-- \/ Yoast SEO plugin. -->","yoast_head_json":{"title":"Formaci\u00f3n vocal para coros - Mercedes Guerrero","robots":{"index":"index","follow":"follow","max-snippet":"max-snippet:-1","max-image-preview":"max-image-preview:large","max-video-preview":"max-video-preview:-1"},"canonical":"https:\/\/www.mercedesguerrero.de\/es\/formacion-vocal-para-coros\/","og_locale":"es_ES","og_type":"article","og_title":"Stimmbildung f\u00fcr Ch\u00f6re - Mercedes Guerrero","og_description":"Stimmbildung f\u00fcr Ch\u00f6re Gemeinsame Arbeit an einem sch\u00f6neren Klang, intonatorische Pr\u00e4zision, bessere Beherrschung der eigenen Stimme mit Spa\u00df und Bewusstsein w\u00e4hrend des gemeinsamen Singens sind einige Aspekte, die eine professionelle stimmbildnerische Arbeit in einem Chor bewirken kann um eine h\u00f6here musikalische Ausdrucksf\u00e4higkeit zu erreichen. Wohlgef\u00fchl, Bewegungsmotivation und gute Laune werden \u00fcber verschiedene \u00dcbungen f\u00fcr jedes [&hellip;]","og_url":"https:\/\/www.mercedesguerrero.de\/es\/formacion-vocal-para-coros\/","og_site_name":"Mercedes Guerrero","article_modified_time":"2023-09-21T10:02:05+00:00","og_image":[{"url":"https:\/\/www.mercedesguerrero.de\/wp-content\/uploads\/elementor\/thumbs\/h-chor-workshop_m-1024x587-1-q1wv1tumfggoognrq8mvqw73xgpo6cmcm6lh0a5ew0.jpg","type":"","width":"","height":""}],"twitter_card":"summary_large_image","twitter_misc":{"Tiempo de lectura":"1 minuto"},"schema":{"@context":"https:\/\/schema.org","@graph":[{"@type":"WebPage","@id":"https:\/\/www.mercedesguerrero.de\/stimmbildung-fuer-choere\/","url":"https:\/\/www.mercedesguerrero.de\/stimmbildung-fuer-choere\/","name":"Formaci\u00f3n vocal para coros - Mercedes Guerrero","isPartOf":{"@id":"https:\/\/www.mercedesguerrero.de\/#website"},"primaryImageOfPage":{"@id":"https:\/\/www.mercedesguerrero.de\/stimmbildung-fuer-choere\/#primaryimage"},"image":{"@id":"https:\/\/www.mercedesguerrero.de\/stimmbildung-fuer-choere\/#primaryimage"},"thumbnailUrl":"https:\/\/www.mercedesguerrero.de\/wp-content\/uploads\/elementor\/thumbs\/h-chor-workshop_m-1024x587-1-q1wv1tumfggoognrq8mvqw73xgpo6cmcm6lh0a5ew0.jpg","datePublished":"2021-01-18T21:50:49+00:00","dateModified":"2023-09-21T10:02:05+00:00","breadcrumb":{"@id":"https:\/\/www.mercedesguerrero.de\/stimmbildung-fuer-choere\/#breadcrumb"},"inLanguage":"es","potentialAction":[{"@type":"ReadAction","target":["https:\/\/www.mercedesguerrero.de\/stimmbildung-fuer-choere\/"]}]},{"@type":"ImageObject","inLanguage":"es","@id":"https:\/\/www.mercedesguerrero.de\/stimmbildung-fuer-choere\/#primaryimage","url":"https:\/\/www.mercedesguerrero.de\/wp-content\/uploads\/elementor\/thumbs\/h-chor-workshop_m-1024x587-1-q1wv1tumfggoognrq8mvqw73xgpo6cmcm6lh0a5ew0.jpg","contentUrl":"https:\/\/www.mercedesguerrero.de\/wp-content\/uploads\/elementor\/thumbs\/h-chor-workshop_m-1024x587-1-q1wv1tumfggoognrq8mvqw73xgpo6cmcm6lh0a5ew0.jpg"},{"@type":"BreadcrumbList","@id":"https:\/\/www.mercedesguerrero.de\/stimmbildung-fuer-choere\/#breadcrumb","itemListElement":[{"@type":"ListItem","position":1,"name":"Startseite","item":"https:\/\/www.mercedesguerrero.de\/"},{"@type":"ListItem","position":2,"name":"Stimmbildung f\u00fcr Ch\u00f6re"}]},{"@type":"WebSite","@id":"https:\/\/www.mercedesguerrero.de\/#website","url":"https:\/\/www.mercedesguerrero.de\/","name":"Mercedes Guerrero","description":"Mercedes Guerrero - canto, formaci\u00f3n vocal, direcci\u00f3n coral y educaci\u00f3n musical temprana.","publisher":{"@id":"https:\/\/www.mercedesguerrero.de\/#organization"},"potentialAction":[{"@type":"SearchAction","target":{"@type":"EntryPoint","urlTemplate":"https:\/\/www.mercedesguerrero.de\/?s={search_term_string}"},"query-input":{"@type":"PropertyValueSpecification","valueRequired":true,"valueName":"search_term_string"}}],"inLanguage":"es"},{"@type":"Organization","@id":"https:\/\/www.mercedesguerrero.de\/#organization","name":"Mercedes Guerrero","url":"https:\/\/www.mercedesguerrero.de\/","logo":{"@type":"ImageObject","inLanguage":"es","@id":"https:\/\/www.mercedesguerrero.de\/#\/schema\/logo\/image\/","url":"https:\/\/www.mercedesguerrero.de\/wp-content\/uploads\/2021\/02\/cropped-logo-mg-512-final.jpg","contentUrl":"https:\/\/www.mercedesguerrero.de\/wp-content\/uploads\/2021\/02\/cropped-logo-mg-512-final.jpg","width":512,"height":512,"caption":"Mercedes Guerrero"},"image":{"@id":"https:\/\/www.mercedesguerrero.de\/#\/schema\/logo\/image\/"}}]}},"_links":{"self":[{"href":"https:\/\/www.mercedesguerrero.de\/es\/wp-json\/wp\/v2\/pages\/4068","targetHints":{"allow":["GET"]}}],"collection":[{"href":"https:\/\/www.mercedesguerrero.de\/es\/wp-json\/wp\/v2\/pages"}],"about":[{"href":"https:\/\/www.mercedesguerrero.de\/es\/wp-json\/wp\/v2\/types\/page"}],"author":[{"embeddable":true,"href":"https:\/\/www.mercedesguerrero.de\/es\/wp-json\/wp\/v2\/users\/1"}],"replies":[{"embeddable":true,"href":"https:\/\/www.mercedesguerrero.de\/es\/wp-json\/wp\/v2\/comments?post=4068"}],"version-history":[{"count":23,"href":"https:\/\/www.mercedesguerrero.de\/es\/wp-json\/wp\/v2\/pages\/4068\/revisions"}],"predecessor-version":[{"id":6620,"href":"https:\/\/www.mercedesguerrero.de\/es\/wp-json\/wp\/v2\/pages\/4068\/revisions\/6620"}],"wp:attachment":[{"href":"https:\/\/www.mercedesguerrero.de\/es\/wp-json\/wp\/v2\/media?parent=4068"}],"curies":[{"name":"wp","href":"https:\/\/api.w.org\/{rel}","templated":true}]}}