{"id":4052,"date":"2021-01-18T22:08:28","date_gmt":"2021-01-18T21:08:28","guid":{"rendered":"https:\/\/www.mercedesguerrero.de\/?page_id=4052"},"modified":"2023-09-21T12:03:04","modified_gmt":"2023-09-21T10:03:04","slug":"workshop-fuer-choere","status":"publish","type":"page","link":"https:\/\/www.mercedesguerrero.de\/es\/workshop-fuer-choere\/","title":{"rendered":"Talleres para coros"},"content":{"rendered":"<div data-elementor-type=\"wp-page\" data-elementor-id=\"4052\" class=\"elementor elementor-4052\" data-elementor-post-type=\"page\">\n\t\t\t\t\t\t<section class=\"elementor-section elementor-top-section elementor-element elementor-element-d5669b3 qodef-elementor-content-grid elementor-section-boxed elementor-section-height-default elementor-section-height-default\" data-id=\"d5669b3\" data-element_type=\"section\" data-e-type=\"section\">\n\t\t\t\t\t\t<div class=\"elementor-container elementor-column-gap-default\">\n\t\t\t\t\t<div class=\"elementor-column elementor-col-50 elementor-top-column elementor-element elementor-element-933bca1\" data-id=\"933bca1\" data-element_type=\"column\" data-e-type=\"column\" data-settings=\"{&quot;background_background&quot;:&quot;classic&quot;}\">\n\t\t\t<div class=\"elementor-widget-wrap elementor-element-populated\">\n\t\t\t\t\t\t<div class=\"elementor-element elementor-element-0e1c130 elementor-widget elementor-widget-songbook_core_section_title\" data-id=\"0e1c130\" data-element_type=\"widget\" data-e-type=\"widget\" data-widget_type=\"songbook_core_section_title.default\">\n\t\t\t\t<div class=\"elementor-widget-container\">\n\t\t\t\t\t<div class=\"qodef-shortcode qodef-m  qodef-section-title qodef-alignment--left\">\n\t\t\t<h1 class=\"qodef-m-title\" style=\"margin-top: 11px\">\n\t\t\t\t\tTalleres para coros\t\t\t<\/h1>\n\t\t\t<p class=\"qodef-m-text\" style=\"margin-top: -9px\">Inconscientes rutinas, antig\u00fcas costumbres o h\u00e1bitos vocales normalmente se fijan fuertemente en determinado corto lapso de tiempo en un coro, por ende emprender nuevos caminos no es una tarea f\u00e1cil.<\/p>\n<\/div>\t\t\t\t<\/div>\n\t\t\t\t<\/div>\n\t\t\t\t<div class=\"elementor-element elementor-element-4eb0319 elementor-widget elementor-widget-text-editor\" data-id=\"4eb0319\" data-element_type=\"widget\" data-e-type=\"widget\" data-widget_type=\"text-editor.default\">\n\t\t\t\t<div class=\"elementor-widget-container\">\n\t\t\t\t\t\t\t\t\t<p><span data-contrast=\"none\">Nuevos impulsos<\/span><span data-contrast=\"none\"> <br \/><strong>ideas en el manejo de el trabajo del sonido, la respiraci\u00f3n, presencia esc\u00e9nica, desarrollo auditivo,<\/strong> <strong>elementos coreogr\u00e1ficos, entonaci\u00f3n, con herramientas t\u00e9cnicas,<\/strong> concentraci\u00f3n y diversi\u00f3n es una propuesta concreta que se maneja en los talleres vocales para coros o ensembles.\u00a0<\/span><span data-ccp-props=\"{\">\u00a0<\/span><\/p>\t\t\t\t\t\t\t\t<\/div>\n\t\t\t\t<\/div>\n\t\t\t\t<div class=\"elementor-element elementor-element-b4cbb54 elementor-widget elementor-widget-songbook_core_info_section\" data-id=\"b4cbb54\" data-element_type=\"widget\" data-e-type=\"widget\" data-widget_type=\"songbook_core_info_section.default\">\n\t\t\t\t<div class=\"elementor-widget-container\">\n\t\t\t\t\t<div class=\"qodef-shortcode qodef-m  qodef-info-section qodef-layout--background-text  qodef-background-text-pos--top-left\">\n\t<div class=\"qodef-m-background-text\">\n\t\t\t<\/div>\n\t<div class=\"qodef-m-info\">\n\t\t\t\t\t<p class=\"qodef-m-text\" style=\"color: #383636\">Mas informaci\u00f3n :<\/p>\n\t\t\t<\/div>\n<\/div>\t\t\t\t<\/div>\n\t\t\t\t<\/div>\n\t\t\t\t<div class=\"elementor-element elementor-element-dbf9c4f elementor-widget elementor-widget-songbook_core_button\" data-id=\"dbf9c4f\" data-element_type=\"widget\" data-e-type=\"widget\" data-widget_type=\"songbook_core_button.default\">\n\t\t\t\t<div class=\"elementor-widget-container\">\n\t\t\t\t\t<a class=\"qodef-shortcode qodef-m  qodef-button qodef-layout--filled  qodef-html--link\" href=\"https:\/\/www.mercedesguerrero.de\/es\/pongase-en-contacto-con\/\" target=\"_self\"  >\n\t<span class=\"qodef-m-text\">Contacto<\/span>\n\t<span class=\"qodef-m-border-vertical\" ><\/span>\n\t<span class=\"qodef-m-border-horizontal\" ><\/span>\n<\/a>\t\t\t\t<\/div>\n\t\t\t\t<\/div>\n\t\t\t\t<div class=\"elementor-element elementor-element-37fa211 elementor-widget elementor-widget-spacer\" data-id=\"37fa211\" data-element_type=\"widget\" data-e-type=\"widget\" data-widget_type=\"spacer.default\">\n\t\t\t\t<div class=\"elementor-widget-container\">\n\t\t\t\t\t\t\t<div class=\"elementor-spacer\">\n\t\t\t<div class=\"elementor-spacer-inner\"><\/div>\n\t\t<\/div>\n\t\t\t\t\t\t<\/div>\n\t\t\t\t<\/div>\n\t\t\t\t\t<\/div>\n\t\t<\/div>\n\t\t\t\t<div class=\"elementor-column elementor-col-50 elementor-top-column elementor-element elementor-element-b5a208e\" data-id=\"b5a208e\" data-element_type=\"column\" data-e-type=\"column\" data-settings=\"{&quot;background_background&quot;:&quot;classic&quot;}\">\n\t\t\t<div class=\"elementor-widget-wrap elementor-element-populated\">\n\t\t\t\t\t\t<div class=\"elementor-element elementor-element-1521dce elementor-widget elementor-widget-image\" data-id=\"1521dce\" data-element_type=\"widget\" data-e-type=\"widget\" data-widget_type=\"image.default\">\n\t\t\t\t<div class=\"elementor-widget-container\">\n\t\t\t\t\t\t\t\t\t\t\t\t\t\t\t<img fetchpriority=\"high\" decoding=\"async\" width=\"768\" height=\"369\" src=\"https:\/\/www.mercedesguerrero.de\/wp-content\/uploads\/2021\/07\/1613337230792-1200-768x369.jpg\" class=\"attachment-medium_large size-medium_large wp-image-6254\" alt=\"Taller de Coros\" srcset=\"https:\/\/www.mercedesguerrero.de\/wp-content\/uploads\/2021\/07\/1613337230792-1200-768x369.jpg 768w, https:\/\/www.mercedesguerrero.de\/wp-content\/uploads\/2021\/07\/1613337230792-1200-300x144.jpg 300w, https:\/\/www.mercedesguerrero.de\/wp-content\/uploads\/2021\/07\/1613337230792-1200-1024x492.jpg 1024w, https:\/\/www.mercedesguerrero.de\/wp-content\/uploads\/2021\/07\/1613337230792-1200-16x8.jpg 16w, https:\/\/www.mercedesguerrero.de\/wp-content\/uploads\/2021\/07\/1613337230792-1200.jpg 1200w\" sizes=\"(max-width: 768px) 100vw, 768px\" \/>\t\t\t\t\t\t\t\t\t\t\t\t\t\t\t<\/div>\n\t\t\t\t<\/div>\n\t\t\t\t\t<\/div>\n\t\t<\/div>\n\t\t\t\t\t<\/div>\n\t\t<\/section>\n\t\t\t\t<section class=\"elementor-section elementor-top-section elementor-element elementor-element-fd30980 elementor-section-full_width elementor-section-height-default elementor-section-height-default qodef-elementor-content-no\" data-id=\"fd30980\" data-element_type=\"section\" data-e-type=\"section\">\n\t\t\t\t\t\t<div class=\"elementor-container elementor-column-gap-default\">\n\t\t\t\t\t<div class=\"elementor-column elementor-col-100 elementor-top-column elementor-element elementor-element-26c5467\" data-id=\"26c5467\" data-element_type=\"column\" data-e-type=\"column\" data-settings=\"{&quot;background_background&quot;:&quot;classic&quot;}\">\n\t\t\t<div class=\"elementor-widget-wrap\">\n\t\t\t\t\t\t\t<\/div>\n\t\t<\/div>\n\t\t\t\t\t<\/div>\n\t\t<\/section>\n\t\t\t\t<\/div>","protected":false},"excerpt":{"rendered":"<p>Workshop f\u00fcr Ch\u00f6re Unbewusste Routinen beziehungsweise alte Gewohnheiten stecken oft fest in einem Chor und neue Wege zu gehen ist oft schwer. Deshalb lohnt sich ein fachlicher Input durch externe Beobachter. Frische Impulse zu Klangarbeit, Atmung, Groove, B\u00fchnenpr\u00e4senz, Geh\u00f6rbildung, Bewegungen, choreographische Elemente, K\u00f6rpergef\u00fchl, Intonation und Spa\u00df an der Sache bereichern die gesamte Chorarbeit und f\u00fchren [&hellip;]<\/p>\n","protected":false},"author":1,"featured_media":0,"parent":0,"menu_order":0,"comment_status":"closed","ping_status":"closed","template":"page-full-width.php","meta":{"footnotes":""},"class_list":["post-4052","page","type-page","status-publish","hentry"],"yoast_head":"<!-- This site is optimized with the Yoast SEO plugin v27.0 - https:\/\/yoast.com\/product\/yoast-seo-wordpress\/ -->\n<title>Workshop f\u00fcr Ch\u00f6re - Mercedes Guerrero<\/title>\n<meta name=\"robots\" content=\"index, follow, max-snippet:-1, max-image-preview:large, max-video-preview:-1\" \/>\n<link rel=\"canonical\" href=\"https:\/\/www.mercedesguerrero.de\/es\/taller-fuer-choere\/\" \/>\n<meta property=\"og:locale\" content=\"es_ES\" \/>\n<meta property=\"og:type\" content=\"article\" \/>\n<meta property=\"og:title\" content=\"Workshop f\u00fcr Ch\u00f6re - Mercedes Guerrero\" \/>\n<meta property=\"og:description\" content=\"Workshop f\u00fcr Ch\u00f6re Unbewusste Routinen beziehungsweise alte Gewohnheiten stecken oft fest in einem Chor und neue Wege zu gehen ist oft schwer. Deshalb lohnt sich ein fachlicher Input durch externe Beobachter. Frische Impulse zu Klangarbeit, Atmung, Groove, B\u00fchnenpr\u00e4senz, Geh\u00f6rbildung, Bewegungen, choreographische Elemente, K\u00f6rpergef\u00fchl, Intonation und Spa\u00df an der Sache bereichern die gesamte Chorarbeit und f\u00fchren [&hellip;]\" \/>\n<meta property=\"og:url\" content=\"https:\/\/www.mercedesguerrero.de\/es\/taller-fuer-choere\/\" \/>\n<meta property=\"og:site_name\" content=\"Mercedes Guerrero\" \/>\n<meta property=\"article:modified_time\" content=\"2023-09-21T10:03:04+00:00\" \/>\n<meta property=\"og:image\" content=\"https:\/\/www.mercedesguerrero.de\/wp-content\/uploads\/2021\/07\/1613337230792-1200-768x369.jpg\" \/>\n<meta name=\"twitter:card\" content=\"summary_large_image\" \/>\n<meta name=\"twitter:label1\" content=\"Tiempo de lectura\" \/>\n\t<meta name=\"twitter:data1\" content=\"1 minuto\" \/>\n<script type=\"application\/ld+json\" class=\"yoast-schema-graph\">{\"@context\":\"https:\/\/schema.org\",\"@graph\":[{\"@type\":\"WebPage\",\"@id\":\"https:\/\/www.mercedesguerrero.de\/workshop-fuer-choere\/\",\"url\":\"https:\/\/www.mercedesguerrero.de\/workshop-fuer-choere\/\",\"name\":\"Workshop f\u00fcr Ch\u00f6re - Mercedes Guerrero\",\"isPartOf\":{\"@id\":\"https:\/\/www.mercedesguerrero.de\/#website\"},\"primaryImageOfPage\":{\"@id\":\"https:\/\/www.mercedesguerrero.de\/workshop-fuer-choere\/#primaryimage\"},\"image\":{\"@id\":\"https:\/\/www.mercedesguerrero.de\/workshop-fuer-choere\/#primaryimage\"},\"thumbnailUrl\":\"https:\/\/www.mercedesguerrero.de\/wp-content\/uploads\/2021\/07\/1613337230792-1200-768x369.jpg\",\"datePublished\":\"2021-01-18T21:08:28+00:00\",\"dateModified\":\"2023-09-21T10:03:04+00:00\",\"breadcrumb\":{\"@id\":\"https:\/\/www.mercedesguerrero.de\/workshop-fuer-choere\/#breadcrumb\"},\"inLanguage\":\"es\",\"potentialAction\":[{\"@type\":\"ReadAction\",\"target\":[\"https:\/\/www.mercedesguerrero.de\/workshop-fuer-choere\/\"]}]},{\"@type\":\"ImageObject\",\"inLanguage\":\"es\",\"@id\":\"https:\/\/www.mercedesguerrero.de\/workshop-fuer-choere\/#primaryimage\",\"url\":\"https:\/\/www.mercedesguerrero.de\/wp-content\/uploads\/2021\/07\/1613337230792-1200-768x369.jpg\",\"contentUrl\":\"https:\/\/www.mercedesguerrero.de\/wp-content\/uploads\/2021\/07\/1613337230792-1200-768x369.jpg\"},{\"@type\":\"BreadcrumbList\",\"@id\":\"https:\/\/www.mercedesguerrero.de\/workshop-fuer-choere\/#breadcrumb\",\"itemListElement\":[{\"@type\":\"ListItem\",\"position\":1,\"name\":\"Startseite\",\"item\":\"https:\/\/www.mercedesguerrero.de\/\"},{\"@type\":\"ListItem\",\"position\":2,\"name\":\"Workshop f\u00fcr Ch\u00f6re\"}]},{\"@type\":\"WebSite\",\"@id\":\"https:\/\/www.mercedesguerrero.de\/#website\",\"url\":\"https:\/\/www.mercedesguerrero.de\/\",\"name\":\"Mercedes Guerrero\",\"description\":\"Mercedes Guerrero - Gesang, Stimmbildung, Chorleitung und musikalische Fr\u00fcherziehung.\",\"publisher\":{\"@id\":\"https:\/\/www.mercedesguerrero.de\/#organization\"},\"potentialAction\":[{\"@type\":\"SearchAction\",\"target\":{\"@type\":\"EntryPoint\",\"urlTemplate\":\"https:\/\/www.mercedesguerrero.de\/?s={search_term_string}\"},\"query-input\":{\"@type\":\"PropertyValueSpecification\",\"valueRequired\":true,\"valueName\":\"search_term_string\"}}],\"inLanguage\":\"es\"},{\"@type\":\"Organization\",\"@id\":\"https:\/\/www.mercedesguerrero.de\/#organization\",\"name\":\"Mercedes Guerrero\",\"url\":\"https:\/\/www.mercedesguerrero.de\/\",\"logo\":{\"@type\":\"ImageObject\",\"inLanguage\":\"es\",\"@id\":\"https:\/\/www.mercedesguerrero.de\/#\/schema\/logo\/image\/\",\"url\":\"https:\/\/www.mercedesguerrero.de\/wp-content\/uploads\/2021\/02\/cropped-logo-mg-512-final.jpg\",\"contentUrl\":\"https:\/\/www.mercedesguerrero.de\/wp-content\/uploads\/2021\/02\/cropped-logo-mg-512-final.jpg\",\"width\":512,\"height\":512,\"caption\":\"Mercedes Guerrero\"},\"image\":{\"@id\":\"https:\/\/www.mercedesguerrero.de\/#\/schema\/logo\/image\/\"}}]}<\/script>\n<!-- \/ Yoast SEO plugin. -->","yoast_head_json":{"title":"Taller para coros - Mercedes Guerrero","robots":{"index":"index","follow":"follow","max-snippet":"max-snippet:-1","max-image-preview":"max-image-preview:large","max-video-preview":"max-video-preview:-1"},"canonical":"https:\/\/www.mercedesguerrero.de\/es\/taller-fuer-choere\/","og_locale":"es_ES","og_type":"article","og_title":"Workshop f\u00fcr Ch\u00f6re - Mercedes Guerrero","og_description":"Workshop f\u00fcr Ch\u00f6re Unbewusste Routinen beziehungsweise alte Gewohnheiten stecken oft fest in einem Chor und neue Wege zu gehen ist oft schwer. Deshalb lohnt sich ein fachlicher Input durch externe Beobachter. Frische Impulse zu Klangarbeit, Atmung, Groove, B\u00fchnenpr\u00e4senz, Geh\u00f6rbildung, Bewegungen, choreographische Elemente, K\u00f6rpergef\u00fchl, Intonation und Spa\u00df an der Sache bereichern die gesamte Chorarbeit und f\u00fchren [&hellip;]","og_url":"https:\/\/www.mercedesguerrero.de\/es\/taller-fuer-choere\/","og_site_name":"Mercedes Guerrero","article_modified_time":"2023-09-21T10:03:04+00:00","og_image":[{"url":"https:\/\/www.mercedesguerrero.de\/wp-content\/uploads\/2021\/07\/1613337230792-1200-768x369.jpg","type":"","width":"","height":""}],"twitter_card":"summary_large_image","twitter_misc":{"Tiempo de lectura":"1 minuto"},"schema":{"@context":"https:\/\/schema.org","@graph":[{"@type":"WebPage","@id":"https:\/\/www.mercedesguerrero.de\/workshop-fuer-choere\/","url":"https:\/\/www.mercedesguerrero.de\/workshop-fuer-choere\/","name":"Taller para coros - Mercedes Guerrero","isPartOf":{"@id":"https:\/\/www.mercedesguerrero.de\/#website"},"primaryImageOfPage":{"@id":"https:\/\/www.mercedesguerrero.de\/workshop-fuer-choere\/#primaryimage"},"image":{"@id":"https:\/\/www.mercedesguerrero.de\/workshop-fuer-choere\/#primaryimage"},"thumbnailUrl":"https:\/\/www.mercedesguerrero.de\/wp-content\/uploads\/2021\/07\/1613337230792-1200-768x369.jpg","datePublished":"2021-01-18T21:08:28+00:00","dateModified":"2023-09-21T10:03:04+00:00","breadcrumb":{"@id":"https:\/\/www.mercedesguerrero.de\/workshop-fuer-choere\/#breadcrumb"},"inLanguage":"es","potentialAction":[{"@type":"ReadAction","target":["https:\/\/www.mercedesguerrero.de\/workshop-fuer-choere\/"]}]},{"@type":"ImageObject","inLanguage":"es","@id":"https:\/\/www.mercedesguerrero.de\/workshop-fuer-choere\/#primaryimage","url":"https:\/\/www.mercedesguerrero.de\/wp-content\/uploads\/2021\/07\/1613337230792-1200-768x369.jpg","contentUrl":"https:\/\/www.mercedesguerrero.de\/wp-content\/uploads\/2021\/07\/1613337230792-1200-768x369.jpg"},{"@type":"BreadcrumbList","@id":"https:\/\/www.mercedesguerrero.de\/workshop-fuer-choere\/#breadcrumb","itemListElement":[{"@type":"ListItem","position":1,"name":"Startseite","item":"https:\/\/www.mercedesguerrero.de\/"},{"@type":"ListItem","position":2,"name":"Workshop f\u00fcr Ch\u00f6re"}]},{"@type":"WebSite","@id":"https:\/\/www.mercedesguerrero.de\/#website","url":"https:\/\/www.mercedesguerrero.de\/","name":"Mercedes Guerrero","description":"Mercedes Guerrero - canto, formaci\u00f3n vocal, direcci\u00f3n coral y educaci\u00f3n musical temprana.","publisher":{"@id":"https:\/\/www.mercedesguerrero.de\/#organization"},"potentialAction":[{"@type":"SearchAction","target":{"@type":"EntryPoint","urlTemplate":"https:\/\/www.mercedesguerrero.de\/?s={search_term_string}"},"query-input":{"@type":"PropertyValueSpecification","valueRequired":true,"valueName":"search_term_string"}}],"inLanguage":"es"},{"@type":"Organization","@id":"https:\/\/www.mercedesguerrero.de\/#organization","name":"Mercedes Guerrero","url":"https:\/\/www.mercedesguerrero.de\/","logo":{"@type":"ImageObject","inLanguage":"es","@id":"https:\/\/www.mercedesguerrero.de\/#\/schema\/logo\/image\/","url":"https:\/\/www.mercedesguerrero.de\/wp-content\/uploads\/2021\/02\/cropped-logo-mg-512-final.jpg","contentUrl":"https:\/\/www.mercedesguerrero.de\/wp-content\/uploads\/2021\/02\/cropped-logo-mg-512-final.jpg","width":512,"height":512,"caption":"Mercedes Guerrero"},"image":{"@id":"https:\/\/www.mercedesguerrero.de\/#\/schema\/logo\/image\/"}}]}},"_links":{"self":[{"href":"https:\/\/www.mercedesguerrero.de\/es\/wp-json\/wp\/v2\/pages\/4052","targetHints":{"allow":["GET"]}}],"collection":[{"href":"https:\/\/www.mercedesguerrero.de\/es\/wp-json\/wp\/v2\/pages"}],"about":[{"href":"https:\/\/www.mercedesguerrero.de\/es\/wp-json\/wp\/v2\/types\/page"}],"author":[{"embeddable":true,"href":"https:\/\/www.mercedesguerrero.de\/es\/wp-json\/wp\/v2\/users\/1"}],"replies":[{"embeddable":true,"href":"https:\/\/www.mercedesguerrero.de\/es\/wp-json\/wp\/v2\/comments?post=4052"}],"version-history":[{"count":38,"href":"https:\/\/www.mercedesguerrero.de\/es\/wp-json\/wp\/v2\/pages\/4052\/revisions"}],"predecessor-version":[{"id":6624,"href":"https:\/\/www.mercedesguerrero.de\/es\/wp-json\/wp\/v2\/pages\/4052\/revisions\/6624"}],"wp:attachment":[{"href":"https:\/\/www.mercedesguerrero.de\/es\/wp-json\/wp\/v2\/media?parent=4052"}],"curies":[{"name":"wp","href":"https:\/\/api.w.org\/{rel}","templated":true}]}}