{"id":4022,"date":"2021-01-18T21:29:22","date_gmt":"2021-01-18T20:29:22","guid":{"rendered":"https:\/\/www.mercedesguerrero.de\/?page_id=4022"},"modified":"2024-04-12T14:25:28","modified_gmt":"2024-04-12T12:25:28","slug":"direccion-coral","status":"publish","type":"page","link":"https:\/\/www.mercedesguerrero.de\/es\/chorleitung\/","title":{"rendered":"Direcci\u00f3n coral"},"content":{"rendered":"<div data-elementor-type=\"wp-page\" data-elementor-id=\"4022\" class=\"elementor elementor-4022\" data-elementor-post-type=\"page\">\n\t\t\t\t\t\t<section class=\"elementor-section elementor-top-section elementor-element elementor-element-d5669b3 qodef-elementor-content-grid elementor-section-boxed elementor-section-height-default elementor-section-height-default\" data-id=\"d5669b3\" data-element_type=\"section\" data-e-type=\"section\">\n\t\t\t\t\t\t<div class=\"elementor-container elementor-column-gap-default\">\n\t\t\t\t\t<div class=\"elementor-column elementor-col-50 elementor-top-column elementor-element elementor-element-933bca1\" data-id=\"933bca1\" data-element_type=\"column\" data-e-type=\"column\" data-settings=\"{&quot;background_background&quot;:&quot;classic&quot;}\">\n\t\t\t<div class=\"elementor-widget-wrap elementor-element-populated\">\n\t\t\t\t\t\t<div class=\"elementor-element elementor-element-0e1c130 elementor-widget elementor-widget-songbook_core_section_title\" data-id=\"0e1c130\" data-element_type=\"widget\" data-e-type=\"widget\" data-widget_type=\"songbook_core_section_title.default\">\n\t\t\t\t<div class=\"elementor-widget-container\">\n\t\t\t\t\t<div class=\"qodef-shortcode qodef-m  qodef-section-title qodef-alignment--left\">\n\t\t\t<h1 class=\"qodef-m-title\" style=\"margin-top: 11px\">\n\t\t\t\t\tCANTAR JUNTOS\t\t\t<\/h1>\n\t\t\t<p class=\"qodef-m-text\" style=\"margin-top: -9px\">Dentro de las m\u00e1s bellas expresiones humanas se puede catalogar cuando un grupo de voces se unen dentro de un mismo acorde y una misma expresi\u00f3n, inundando de sonido una sala de conciertos. <\/p>\n<\/div>\t\t\t\t<\/div>\n\t\t\t\t<\/div>\n\t\t\t\t<div class=\"elementor-element elementor-element-4eb0319 elementor-widget elementor-widget-text-editor\" data-id=\"4eb0319\" data-element_type=\"widget\" data-e-type=\"widget\" data-widget_type=\"text-editor.default\">\n\t\t\t\t<div class=\"elementor-widget-container\">\n\t\t\t\t\t\t\t\t\t<p><span data-contrast=\"none\"><strong>Vivir la m\u00fasica, la pertenencia, emoci\u00f3n, disciplina, entrega, compromiso, entonaci\u00f3n, ritmo, movimiento, concentraci\u00f3n y diversi\u00f3n<\/strong> son uno de los tantos aspectos que se experimentan y se aprenden a conocer en un ensayo de coro. <br \/><br \/>El canto en conjunto es uno de los m\u00e1s grandes regalos que los seres humanos se pueden  donar mutuamente. <\/span><span data-ccp-props=\"{&quot;201341983&quot;:0,&quot;335551550&quot;:6,&quot;335551620&quot;:6,&quot;335559739&quot;:160,&quot;335559740&quot;:259}\">\u00a0<\/span><\/p><p><strong>Ven y canta con nosotros en el coro!<\/strong><\/p>\t\t\t\t\t\t\t\t<\/div>\n\t\t\t\t<\/div>\n\t\t\t\t<div class=\"elementor-element elementor-element-dbf9c4f elementor-widget elementor-widget-songbook_core_button\" data-id=\"dbf9c4f\" data-element_type=\"widget\" data-e-type=\"widget\" data-widget_type=\"songbook_core_button.default\">\n\t\t\t\t<div class=\"elementor-widget-container\">\n\t\t\t\t\t<a class=\"qodef-shortcode qodef-m  qodef-button qodef-layout--filled  qodef-html--link\" href=\"https:\/\/www.ettlingen.de\/unterricht\/ensembles+ueberblick\/choere\" target=\"_blank\"  >\n\t<span class=\"qodef-m-text\">Escuela de M\u00fasica Coral Ettlingen<\/span>\n\t<span class=\"qodef-m-border-vertical\" ><\/span>\n\t<span class=\"qodef-m-border-horizontal\" ><\/span>\n<\/a>\t\t\t\t<\/div>\n\t\t\t\t<\/div>\n\t\t\t\t<div class=\"elementor-element elementor-element-9555647 elementor-widget elementor-widget-songbook_core_button\" data-id=\"9555647\" data-element_type=\"widget\" data-e-type=\"widget\" data-widget_type=\"songbook_core_button.default\">\n\t\t\t\t<div class=\"elementor-widget-container\">\n\t\t\t\t\t<a class=\"qodef-shortcode qodef-m  qodef-button qodef-layout--filled  qodef-html--link\" href=\"https:\/\/www.liedertafel-ettlingen.de\/vocalis\/\" target=\"_blank\"  >\n\t<span class=\"qodef-m-text\">Liedertafel Vocalis Ettlingen<\/span>\n\t<span class=\"qodef-m-border-vertical\" ><\/span>\n\t<span class=\"qodef-m-border-horizontal\" ><\/span>\n<\/a>\t\t\t\t<\/div>\n\t\t\t\t<\/div>\n\t\t\t\t\t<\/div>\n\t\t<\/div>\n\t\t\t\t<div class=\"elementor-column elementor-col-50 elementor-top-column elementor-element elementor-element-b5a208e\" data-id=\"b5a208e\" data-element_type=\"column\" data-e-type=\"column\" data-settings=\"{&quot;background_background&quot;:&quot;classic&quot;}\">\n\t\t\t<div class=\"elementor-widget-wrap elementor-element-populated\">\n\t\t\t\t\t\t<div class=\"elementor-element elementor-element-fcbb56a elementor-widget elementor-widget-spacer\" data-id=\"fcbb56a\" data-element_type=\"widget\" data-e-type=\"widget\" data-widget_type=\"spacer.default\">\n\t\t\t\t<div class=\"elementor-widget-container\">\n\t\t\t\t\t\t\t<div class=\"elementor-spacer\">\n\t\t\t<div class=\"elementor-spacer-inner\"><\/div>\n\t\t<\/div>\n\t\t\t\t\t\t<\/div>\n\t\t\t\t<\/div>\n\t\t\t\t<div class=\"elementor-element elementor-element-1521dce elementor-widget elementor-widget-image\" data-id=\"1521dce\" data-element_type=\"widget\" data-e-type=\"widget\" data-widget_type=\"image.default\">\n\t\t\t\t<div class=\"elementor-widget-container\">\n\t\t\t\t\t\t\t\t\t\t\t\t\t\t\t<img decoding=\"async\" src=\"https:\/\/www.mercedesguerrero.de\/wp-content\/uploads\/elementor\/thumbs\/hchorleitung-hof_m-1024x587-1-q1wv1tumfggeg5zmk7anhca3qjhkjemrbfujzsvxd8.jpg\" title=\"hchorleitung-hof_m-1024\u00d7587\" alt=\"chorleitung-hof_m-1024x587\" loading=\"lazy\" \/>\t\t\t\t\t\t\t\t\t\t\t\t\t\t\t<\/div>\n\t\t\t\t<\/div>\n\t\t\t\t\t<\/div>\n\t\t<\/div>\n\t\t\t\t\t<\/div>\n\t\t<\/section>\n\t\t\t\t<section class=\"elementor-section elementor-top-section elementor-element elementor-element-fd30980 elementor-section-full_width elementor-section-height-default elementor-section-height-default qodef-elementor-content-no\" data-id=\"fd30980\" data-element_type=\"section\" data-e-type=\"section\">\n\t\t\t\t\t\t<div class=\"elementor-container elementor-column-gap-default\">\n\t\t\t\t\t<div class=\"elementor-column elementor-col-100 elementor-top-column elementor-element elementor-element-26c5467\" data-id=\"26c5467\" data-element_type=\"column\" data-e-type=\"column\" data-settings=\"{&quot;background_background&quot;:&quot;classic&quot;}\">\n\t\t\t<div class=\"elementor-widget-wrap\">\n\t\t\t\t\t\t\t<\/div>\n\t\t<\/div>\n\t\t\t\t\t<\/div>\n\t\t<\/section>\n\t\t\t\t<\/div>","protected":false},"excerpt":{"rendered":"<p>Gemeinsames Singen Es gibt selten etwas Sch\u00f6neres als den gemeinsamen Klang im gleichen Ausdruck verschiedener Stimmen unter einem gleichen Akkord, gleicherma\u00dfen Raum greifend wie Raum f\u00fcllend! Musikerleben, Gemeinschaftsgef\u00fchl, Zugeh\u00f6rigkeit, Begeisterung und gute Laune, Intonation, Genuss, Rhythmus, Bewegung, Konzentration, Disziplin und Engagement sind einige Aspekte, die man bei einer Chorprobe erfahren und kennenlernen kann. Gemeinsam zu [&hellip;]<\/p>\n","protected":false},"author":1,"featured_media":0,"parent":0,"menu_order":0,"comment_status":"closed","ping_status":"closed","template":"page-full-width.php","meta":{"footnotes":""},"class_list":["post-4022","page","type-page","status-publish","hentry"],"yoast_head":"<!-- This site is optimized with the Yoast SEO plugin v27.0 - https:\/\/yoast.com\/product\/yoast-seo-wordpress\/ -->\n<title>Chorleitung - Mercedes Guerrero<\/title>\n<meta name=\"robots\" content=\"index, follow, max-snippet:-1, max-image-preview:large, max-video-preview:-1\" \/>\n<link rel=\"canonical\" href=\"https:\/\/www.mercedesguerrero.de\/es\/direccion-coral\/\" \/>\n<meta property=\"og:locale\" content=\"es_ES\" \/>\n<meta property=\"og:type\" content=\"article\" \/>\n<meta property=\"og:title\" content=\"Chorleitung - Mercedes Guerrero\" \/>\n<meta property=\"og:description\" content=\"Gemeinsames Singen Es gibt selten etwas Sch\u00f6neres als den gemeinsamen Klang im gleichen Ausdruck verschiedener Stimmen unter einem gleichen Akkord, gleicherma\u00dfen Raum greifend wie Raum f\u00fcllend! Musikerleben, Gemeinschaftsgef\u00fchl, Zugeh\u00f6rigkeit, Begeisterung und gute Laune, Intonation, Genuss, Rhythmus, Bewegung, Konzentration, Disziplin und Engagement sind einige Aspekte, die man bei einer Chorprobe erfahren und kennenlernen kann. Gemeinsam zu [&hellip;]\" \/>\n<meta property=\"og:url\" content=\"https:\/\/www.mercedesguerrero.de\/es\/direccion-coral\/\" \/>\n<meta property=\"og:site_name\" content=\"Mercedes Guerrero\" \/>\n<meta property=\"article:modified_time\" content=\"2024-04-12T12:25:28+00:00\" \/>\n<meta property=\"og:image\" content=\"https:\/\/www.mercedesguerrero.de\/wp-content\/uploads\/elementor\/thumbs\/hchorleitung-hof_m-1024x587-1-q1wv1tumfggeg5zmk7anhca3qjhkjemrbfujzsvxd8.jpg\" \/>\n<meta name=\"twitter:card\" content=\"summary_large_image\" \/>\n<meta name=\"twitter:label1\" content=\"Tiempo de lectura\" \/>\n\t<meta name=\"twitter:data1\" content=\"1 minuto\" \/>\n<script type=\"application\/ld+json\" class=\"yoast-schema-graph\">{\"@context\":\"https:\/\/schema.org\",\"@graph\":[{\"@type\":\"WebPage\",\"@id\":\"https:\/\/www.mercedesguerrero.de\/chorleitung\/\",\"url\":\"https:\/\/www.mercedesguerrero.de\/chorleitung\/\",\"name\":\"Chorleitung - Mercedes Guerrero\",\"isPartOf\":{\"@id\":\"https:\/\/www.mercedesguerrero.de\/#website\"},\"primaryImageOfPage\":{\"@id\":\"https:\/\/www.mercedesguerrero.de\/chorleitung\/#primaryimage\"},\"image\":{\"@id\":\"https:\/\/www.mercedesguerrero.de\/chorleitung\/#primaryimage\"},\"thumbnailUrl\":\"https:\/\/www.mercedesguerrero.de\/wp-content\/uploads\/elementor\/thumbs\/hchorleitung-hof_m-1024x587-1-q1wv1tumfggeg5zmk7anhca3qjhkjemrbfujzsvxd8.jpg\",\"datePublished\":\"2021-01-18T20:29:22+00:00\",\"dateModified\":\"2024-04-12T12:25:28+00:00\",\"breadcrumb\":{\"@id\":\"https:\/\/www.mercedesguerrero.de\/chorleitung\/#breadcrumb\"},\"inLanguage\":\"es\",\"potentialAction\":[{\"@type\":\"ReadAction\",\"target\":[\"https:\/\/www.mercedesguerrero.de\/chorleitung\/\"]}]},{\"@type\":\"ImageObject\",\"inLanguage\":\"es\",\"@id\":\"https:\/\/www.mercedesguerrero.de\/chorleitung\/#primaryimage\",\"url\":\"https:\/\/www.mercedesguerrero.de\/wp-content\/uploads\/elementor\/thumbs\/hchorleitung-hof_m-1024x587-1-q1wv1tumfggeg5zmk7anhca3qjhkjemrbfujzsvxd8.jpg\",\"contentUrl\":\"https:\/\/www.mercedesguerrero.de\/wp-content\/uploads\/elementor\/thumbs\/hchorleitung-hof_m-1024x587-1-q1wv1tumfggeg5zmk7anhca3qjhkjemrbfujzsvxd8.jpg\"},{\"@type\":\"BreadcrumbList\",\"@id\":\"https:\/\/www.mercedesguerrero.de\/chorleitung\/#breadcrumb\",\"itemListElement\":[{\"@type\":\"ListItem\",\"position\":1,\"name\":\"Startseite\",\"item\":\"https:\/\/www.mercedesguerrero.de\/\"},{\"@type\":\"ListItem\",\"position\":2,\"name\":\"Chorleitung\"}]},{\"@type\":\"WebSite\",\"@id\":\"https:\/\/www.mercedesguerrero.de\/#website\",\"url\":\"https:\/\/www.mercedesguerrero.de\/\",\"name\":\"Mercedes Guerrero\",\"description\":\"Mercedes Guerrero - Gesang, Stimmbildung, Chorleitung und musikalische Fr\u00fcherziehung.\",\"publisher\":{\"@id\":\"https:\/\/www.mercedesguerrero.de\/#organization\"},\"potentialAction\":[{\"@type\":\"SearchAction\",\"target\":{\"@type\":\"EntryPoint\",\"urlTemplate\":\"https:\/\/www.mercedesguerrero.de\/?s={search_term_string}\"},\"query-input\":{\"@type\":\"PropertyValueSpecification\",\"valueRequired\":true,\"valueName\":\"search_term_string\"}}],\"inLanguage\":\"es\"},{\"@type\":\"Organization\",\"@id\":\"https:\/\/www.mercedesguerrero.de\/#organization\",\"name\":\"Mercedes Guerrero\",\"url\":\"https:\/\/www.mercedesguerrero.de\/\",\"logo\":{\"@type\":\"ImageObject\",\"inLanguage\":\"es\",\"@id\":\"https:\/\/www.mercedesguerrero.de\/#\/schema\/logo\/image\/\",\"url\":\"https:\/\/www.mercedesguerrero.de\/wp-content\/uploads\/2021\/02\/cropped-logo-mg-512-final.jpg\",\"contentUrl\":\"https:\/\/www.mercedesguerrero.de\/wp-content\/uploads\/2021\/02\/cropped-logo-mg-512-final.jpg\",\"width\":512,\"height\":512,\"caption\":\"Mercedes Guerrero\"},\"image\":{\"@id\":\"https:\/\/www.mercedesguerrero.de\/#\/schema\/logo\/image\/\"}}]}<\/script>\n<!-- \/ Yoast SEO plugin. -->","yoast_head_json":{"title":"Directora del coro - Mercedes Guerrero","robots":{"index":"index","follow":"follow","max-snippet":"max-snippet:-1","max-image-preview":"max-image-preview:large","max-video-preview":"max-video-preview:-1"},"canonical":"https:\/\/www.mercedesguerrero.de\/es\/direccion-coral\/","og_locale":"es_ES","og_type":"article","og_title":"Chorleitung - Mercedes Guerrero","og_description":"Gemeinsames Singen Es gibt selten etwas Sch\u00f6neres als den gemeinsamen Klang im gleichen Ausdruck verschiedener Stimmen unter einem gleichen Akkord, gleicherma\u00dfen Raum greifend wie Raum f\u00fcllend! Musikerleben, Gemeinschaftsgef\u00fchl, Zugeh\u00f6rigkeit, Begeisterung und gute Laune, Intonation, Genuss, Rhythmus, Bewegung, Konzentration, Disziplin und Engagement sind einige Aspekte, die man bei einer Chorprobe erfahren und kennenlernen kann. Gemeinsam zu [&hellip;]","og_url":"https:\/\/www.mercedesguerrero.de\/es\/direccion-coral\/","og_site_name":"Mercedes Guerrero","article_modified_time":"2024-04-12T12:25:28+00:00","og_image":[{"url":"https:\/\/www.mercedesguerrero.de\/wp-content\/uploads\/elementor\/thumbs\/hchorleitung-hof_m-1024x587-1-q1wv1tumfggeg5zmk7anhca3qjhkjemrbfujzsvxd8.jpg","type":"","width":"","height":""}],"twitter_card":"summary_large_image","twitter_misc":{"Tiempo de lectura":"1 minuto"},"schema":{"@context":"https:\/\/schema.org","@graph":[{"@type":"WebPage","@id":"https:\/\/www.mercedesguerrero.de\/chorleitung\/","url":"https:\/\/www.mercedesguerrero.de\/chorleitung\/","name":"Directora del coro - Mercedes Guerrero","isPartOf":{"@id":"https:\/\/www.mercedesguerrero.de\/#website"},"primaryImageOfPage":{"@id":"https:\/\/www.mercedesguerrero.de\/chorleitung\/#primaryimage"},"image":{"@id":"https:\/\/www.mercedesguerrero.de\/chorleitung\/#primaryimage"},"thumbnailUrl":"https:\/\/www.mercedesguerrero.de\/wp-content\/uploads\/elementor\/thumbs\/hchorleitung-hof_m-1024x587-1-q1wv1tumfggeg5zmk7anhca3qjhkjemrbfujzsvxd8.jpg","datePublished":"2021-01-18T20:29:22+00:00","dateModified":"2024-04-12T12:25:28+00:00","breadcrumb":{"@id":"https:\/\/www.mercedesguerrero.de\/chorleitung\/#breadcrumb"},"inLanguage":"es","potentialAction":[{"@type":"ReadAction","target":["https:\/\/www.mercedesguerrero.de\/chorleitung\/"]}]},{"@type":"ImageObject","inLanguage":"es","@id":"https:\/\/www.mercedesguerrero.de\/chorleitung\/#primaryimage","url":"https:\/\/www.mercedesguerrero.de\/wp-content\/uploads\/elementor\/thumbs\/hchorleitung-hof_m-1024x587-1-q1wv1tumfggeg5zmk7anhca3qjhkjemrbfujzsvxd8.jpg","contentUrl":"https:\/\/www.mercedesguerrero.de\/wp-content\/uploads\/elementor\/thumbs\/hchorleitung-hof_m-1024x587-1-q1wv1tumfggeg5zmk7anhca3qjhkjemrbfujzsvxd8.jpg"},{"@type":"BreadcrumbList","@id":"https:\/\/www.mercedesguerrero.de\/chorleitung\/#breadcrumb","itemListElement":[{"@type":"ListItem","position":1,"name":"Startseite","item":"https:\/\/www.mercedesguerrero.de\/"},{"@type":"ListItem","position":2,"name":"Chorleitung"}]},{"@type":"WebSite","@id":"https:\/\/www.mercedesguerrero.de\/#website","url":"https:\/\/www.mercedesguerrero.de\/","name":"Mercedes Guerrero","description":"Mercedes Guerrero - canto, formaci\u00f3n vocal, direcci\u00f3n coral y educaci\u00f3n musical temprana.","publisher":{"@id":"https:\/\/www.mercedesguerrero.de\/#organization"},"potentialAction":[{"@type":"SearchAction","target":{"@type":"EntryPoint","urlTemplate":"https:\/\/www.mercedesguerrero.de\/?s={search_term_string}"},"query-input":{"@type":"PropertyValueSpecification","valueRequired":true,"valueName":"search_term_string"}}],"inLanguage":"es"},{"@type":"Organization","@id":"https:\/\/www.mercedesguerrero.de\/#organization","name":"Mercedes Guerrero","url":"https:\/\/www.mercedesguerrero.de\/","logo":{"@type":"ImageObject","inLanguage":"es","@id":"https:\/\/www.mercedesguerrero.de\/#\/schema\/logo\/image\/","url":"https:\/\/www.mercedesguerrero.de\/wp-content\/uploads\/2021\/02\/cropped-logo-mg-512-final.jpg","contentUrl":"https:\/\/www.mercedesguerrero.de\/wp-content\/uploads\/2021\/02\/cropped-logo-mg-512-final.jpg","width":512,"height":512,"caption":"Mercedes Guerrero"},"image":{"@id":"https:\/\/www.mercedesguerrero.de\/#\/schema\/logo\/image\/"}}]}},"_links":{"self":[{"href":"https:\/\/www.mercedesguerrero.de\/es\/wp-json\/wp\/v2\/pages\/4022","targetHints":{"allow":["GET"]}}],"collection":[{"href":"https:\/\/www.mercedesguerrero.de\/es\/wp-json\/wp\/v2\/pages"}],"about":[{"href":"https:\/\/www.mercedesguerrero.de\/es\/wp-json\/wp\/v2\/types\/page"}],"author":[{"embeddable":true,"href":"https:\/\/www.mercedesguerrero.de\/es\/wp-json\/wp\/v2\/users\/1"}],"replies":[{"embeddable":true,"href":"https:\/\/www.mercedesguerrero.de\/es\/wp-json\/wp\/v2\/comments?post=4022"}],"version-history":[{"count":45,"href":"https:\/\/www.mercedesguerrero.de\/es\/wp-json\/wp\/v2\/pages\/4022\/revisions"}],"predecessor-version":[{"id":6730,"href":"https:\/\/www.mercedesguerrero.de\/es\/wp-json\/wp\/v2\/pages\/4022\/revisions\/6730"}],"wp:attachment":[{"href":"https:\/\/www.mercedesguerrero.de\/es\/wp-json\/wp\/v2\/media?parent=4022"}],"curies":[{"name":"wp","href":"https:\/\/api.w.org\/{rel}","templated":true}]}}